{"id":1300,"date":"2025-11-28T17:11:20","date_gmt":"2025-11-28T16:11:20","guid":{"rendered":"https:\/\/medecinechinoisevercors.com\/?page_id=1300"},"modified":"2025-12-02T14:10:09","modified_gmt":"2025-12-02T13:10:09","slug":"accueil","status":"publish","type":"page","link":"https:\/\/medecinechinoisevercors.com\/","title":{"rendered":"Accueil"},"content":{"rendered":"\n<p class=\"has-vivid-green-cyan-color has-text-color has-link-color has-x-large-font-size wp-elements-120c8707fb9e56eb6358769816a6c8bd\">Autrefois, d&rsquo;\u00c2me Nature<\/p>\n\n\n\n<p class=\"has-text-align-center has-black-color has-text-color has-link-color has-large-font-size wp-elements-980f2a029c901177fb94e6b2fcc3a81a\"><strong>M\u00e9decine Traditionnelle Chinoise, Herboristerie, Produits de la ruche dans le Vercors<\/strong><\/p>\n\n\n\n<p><\/p>\n\n\n\n<div class=\"wp-block-buttons is-layout-flex wp-block-buttons-is-layout-flex\">\n<div class=\"wp-block-button\"><a class=\"wp-block-button__link has-vivid-green-cyan-background-color has-background wp-element-button\" href=\"https:\/\/medecinechinoisevercors.com\/index.php\/les-techniques-utilisees\/\">M\u00e9decine Traditionnelle Chinoise<\/a><\/div>\n\n\n\n<div class=\"wp-block-button\"><a class=\"wp-block-button__link has-white-color has-vivid-green-cyan-background-color has-text-color has-background has-link-color wp-element-button\" href=\"https:\/\/medecinechinoisevercors.com\/index.php\/lherboristerie\/\">Herboristerie<\/a><\/div>\n\n\n\n<div class=\"wp-block-button\"><a class=\"wp-block-button__link has-vivid-green-cyan-background-color has-background wp-element-button\" href=\"https:\/\/medecinechinoisevercors.com\/index.php\/les-produits-de-la-ruches\/\">Produits de la ruche<\/a><\/div>\n\n\n\n<div class=\"wp-block-button has-custom-width wp-block-button__width-100\"><a class=\"wp-block-button__link has-vivid-green-cyan-background-color has-background wp-element-button\" href=\"https:\/\/medecinechinoisevercors.com\/index.php\/boutique\/\">Boutique<\/a><\/div>\n<\/div>\n\n\n\n<p><\/p>\n\n\n\n<p><\/p>\n\n\n\n<p class=\"has-text-align-center has-black-color has-text-color has-link-color has-medium-font-size wp-elements-9de0d7c4c3bd042295ad7fffb3cb849b\"><strong>Mon cabinet se situe \u00e0 Rencurel au coeur du Vercors, \u00e0 la limite de la Dr\u00f4me et de l&rsquo;Is\u00e8re.<\/strong><\/p>\n\n\n\n<p class=\"has-black-color has-text-color has-link-color has-medium-font-size wp-elements-f75b3844046b5b83e29c18d5d8539933\">J&rsquo;y pratique la m\u00e9decine traditionnelle chinoise et l&rsquo;herboristerie. Les plantes utilis\u00e9es dans les soins sont cultiv\u00e9es dans mon jardin ou cueillies dans la campagne environnante. Les produits  de la ruche sont issus de mon rucher.<\/p>\n\n\n\n<p><\/p>\n\n\n\n<p><\/p>\n\n\n\n<p class=\"has-text-align-center has-black-color has-text-color has-link-color wp-elements-ab9f4e162d7b0607718c111a89d08160\">Mes pratiques visent \u00e0 soulager les angoisses,  les peurs, le stress, la fatigue, le deuil, la fragilit\u00e9 \u00e9motionnelle, la nervosit\u00e9, ect&#8230;<br>Mais encore, elles contribuent au soulagement des douleurs chroniques ou ponctuelles (lombalgies, tendinites, sciatiques, douleurs musculaires&#8230;)<br>Elles peuvent am\u00e9lioration le sommeil, la fatigue chronique, etc&#8230;<br>Elles accompagnent les femmes dans leur diff\u00e9rents stades de vie                               Egalement tout ce qui concerne les troubles digestifs, circulatoires, lymphatiques, etc&#8230;<br>Elles apportent un apaisement du corps et de l&rsquo;esprit et un mieux \u00eatre g\u00e9n\u00e9ral<\/p>\n\n\n\n<p><\/p>\n\n\n\n<p><\/p>\n\n\n\n<p><\/p>\n\n\n\n<figure class=\"wp-block-image size-large\"><img fetchpriority=\"high\" decoding=\"async\" width=\"724\" height=\"1024\" src=\"https:\/\/medecinechinoisevercors.com\/wp-content\/uploads\/2025\/11\/Tarifs-20252-724x1024.png\" alt=\"\" class=\"wp-image-1305\" srcset=\"https:\/\/medecinechinoisevercors.com\/wp-content\/uploads\/2025\/11\/Tarifs-20252-724x1024.png 724w, https:\/\/medecinechinoisevercors.com\/wp-content\/uploads\/2025\/11\/Tarifs-20252-212x300.png 212w, https:\/\/medecinechinoisevercors.com\/wp-content\/uploads\/2025\/11\/Tarifs-20252-768x1086.png 768w, https:\/\/medecinechinoisevercors.com\/wp-content\/uploads\/2025\/11\/Tarifs-20252-1086x1536.png 1086w, https:\/\/medecinechinoisevercors.com\/wp-content\/uploads\/2025\/11\/Tarifs-20252-1448x2048.png 1448w, https:\/\/medecinechinoisevercors.com\/wp-content\/uploads\/2025\/11\/Tarifs-20252-1320x1867.png 1320w, https:\/\/medecinechinoisevercors.com\/wp-content\/uploads\/2025\/11\/Tarifs-20252-350x495.png 350w, https:\/\/medecinechinoisevercors.com\/wp-content\/uploads\/2025\/11\/Tarifs-20252.png 1587w\" sizes=\"(max-width: 724px) 100vw, 724px\" \/><\/figure>\n\n\n\n<div class=\"wp-block-buttons is-content-justification-center is-layout-flex wp-container-core-buttons-is-layout-16018d1d wp-block-buttons-is-layout-flex\">\n<div class=\"wp-block-button has-custom-width wp-block-button__width-75\"><a class=\"wp-block-button__link has-vivid-green-cyan-background-color has-background wp-element-button\">PRENDRE RDV<\/a><\/div>\n<\/div>\n\n\n\n<p><\/p>\n\n\n\n<p><\/p>\n\n\n\n<p class=\"has-text-align-center has-small-font-size\">Je m\u2019appelle C\u00e9line.<\/p>\n\n\n<div class=\"wp-block-image\">\n<figure class=\"aligncenter size-large is-resized\"><img decoding=\"async\" width=\"768\" height=\"1024\" src=\"https:\/\/medecinechinoisevercors.com\/wp-content\/uploads\/2025\/11\/moi-768x1024.jpg\" alt=\"\" class=\"wp-image-1312\" style=\"width:139px;height:auto\" srcset=\"https:\/\/medecinechinoisevercors.com\/wp-content\/uploads\/2025\/11\/moi-768x1024.jpg 768w, https:\/\/medecinechinoisevercors.com\/wp-content\/uploads\/2025\/11\/moi-225x300.jpg 225w, https:\/\/medecinechinoisevercors.com\/wp-content\/uploads\/2025\/11\/moi-1152x1536.jpg 1152w, https:\/\/medecinechinoisevercors.com\/wp-content\/uploads\/2025\/11\/moi-350x467.jpg 350w, https:\/\/medecinechinoisevercors.com\/wp-content\/uploads\/2025\/11\/moi.jpg 1199w\" sizes=\"(max-width: 767px) 89vw, (max-width: 1000px) 54vw, (max-width: 1071px) 543px, 580px\" \/><\/figure>\n<\/div>\n\n\n<p class=\"has-small-font-size\">j\u2019ai toujours \u00e9t\u00e9 \u00e0 la recherche du bien-\u00eatre, d\u2019une vie meilleure et \u00e0 \u00eatre proche de la Nature.<\/p>\n\n\n\n<p class=\"has-small-font-size\">Depuis enfant, j\u2019ai \u00e9t\u00e9 soign\u00e9 par les m\u00e9decines alternatives (naturelle, phyto, hom\u00e9opathie, ost\u00e9o, iridologue, et\u2026)et mang\u00e9 de la nourriture saine et biologique. Il y a 50 ans, mes parents \u00e9taient vus comme des ovnis \ud83d\ude09<\/p>\n\n\n\n<p class=\"has-small-font-size\">Durant ma vie d\u2019\u00e9tudiante (en agronomie), j\u2019ai \u00e9t\u00e9 confront\u00e9e \u00e0 de graves soucis de sant\u00e9. Apr\u00e8s une ann\u00e9e de traitement en m\u00e9decine conventionnelle sans succ\u00e8s, je me suis tourn\u00e9e vers la m\u00e9decine chinoise.<\/p>\n\n\n\n<p class=\"has-small-font-size\">Premi\u00e8re rencontre avec la M\u00e9decine Traditionnelle chinoise!!!<\/p>\n\n\n\n<p class=\"has-small-font-size\">Puis la vie m\u2019a men\u00e9 sur un emploi correspondant \u00e0 ma formation mais pas au sens que je voulais donner \u00e0 ma vie<\/p>\n\n\n\n<p class=\"has-small-font-size\">En effet, le travail physique important et le stress du quotidien a eu raison de mon r\u00eave et de ma sant\u00e9. Mon corps me l\u00e2che\u2026 douleurs physiques, insomnies, probl\u00e8mes digestifs, etc\u2026<\/p>\n\n\n\n<p class=\"has-small-font-size\">10 ans plus t\u00f4t, la M\u00e9decine chinoise m\u2019avait aid\u00e9. Pourquoi pas aujourd\u2019hui?<\/p>\n\n\n\n<p class=\"has-small-font-size\">Je vais voir un praticien en M\u00e9decine Traditionnelle Chinoise qui est \u00e9galement professeur de Qi Gong.<\/p>\n\n\n\n<p class=\"has-small-font-size\">Je commence le Qi gong et quelques mois apr\u00e8s, je rentre en formation de MTC \u00e0 EMCQG \u00e0 Annecy.<\/p>\n\n\n\n<p class=\"has-small-font-size\">Ces ann\u00e9es de formation ont \u00e9t\u00e9 une r\u00e9v\u00e9lation et ont contribu\u00e9 \u00e0 une transformation profonde de ma vie.<\/p>\n\n\n\n<p class=\"has-small-font-size\">Au cours des ann\u00e9es, ma pratique \u00e9volue, je grandis, je continue \u00e0 me former, entre autres avec des formations en :<\/p>\n\n\n\n<p class=\"has-small-font-size\">\u2013 Qi nei Zang, avec Olivier Barr\u00e9 (les ventres libres \u00e0 Toulouse), form\u00e9 par Mantak Chia<\/p>\n\n\n\n<p class=\"has-small-font-size\">\u2013 une autre de Qi Nei Zang, avec Joseph Ngyuen, form\u00e9 par Gilles Marin<\/p>\n\n\n\n<p class=\"has-small-font-size\">\u2013 une formation d\u2019aide de prise en charge et de soutien pour les personnes atteintes de cancer par la MTC, avec joseph nguyen<\/p>\n\n\n\n<p class=\"has-small-font-size\">\u2013 maladie de Lyme et plantes m\u00e9dicinales, avec Anne Vastel, herboriste th\u00e9rapeute accr\u00e9dit\u00e9e et praticienne en MTC, Quebec.<\/p>\n\n\n\n<p class=\"has-small-font-size\">\u2013 MTC et aromath\u00e9rapie, avec Thanh Phong Nguyen (Yu long, centre de m\u00e9decine asiatique et holistique \u00e0 toulouse)<\/p>\n\n\n\n<p class=\"has-small-font-size\">\u2013 acupuncture du visage, avec Thanh Phong Nguyen (Yu long, centre de m\u00e9decine asiatique et holistique \u00e0 toulouse)<\/p>\n\n\n\n<p class=\"has-small-font-size\">\u2013 acupuncture abdominale (du Dr Yoo et du Dr Zhi Yun Bo), avec Thanh Phong Nguyen (Yu long, centre de m\u00e9decine asiatique et holistique \u00e0 toulouse)<\/p>\n\n\n\n<p class=\"has-small-font-size\">-aromath\u00e9rapie et m\u00e9decine chinoise avec Thanh Phong Nguyen (yu long, centre de m\u00e9decine asiatique et holistique \u00e0 Toulouse)<\/p>\n\n\n\n<p class=\"has-small-font-size\">Et un retour \u00e0 ma formation initiale : les plantes\u2026<\/p>\n\n\n\n<p class=\"has-small-font-size\">\u2013 formation en herboristerie avec Flora Medicina, Quebec afin de compl\u00e9ter et mettre en relation mes connaissances en herboristerie et en m\u00e9decine chinoise<\/p>\n\n\n\n<p class=\"has-small-font-size\">Et pleins d\u2019autres petites formations (naturo, reiki, communication animale, \u2026) pour aiguiser ma curiosit\u00e9<\/p>\n\n\n\n<p class=\"has-small-font-size\"><\/p>\n\n\n\n<div class=\"wp-block-buttons is-content-justification-center is-layout-flex wp-container-core-buttons-is-layout-16018d1d wp-block-buttons-is-layout-flex\">\n<div class=\"wp-block-button\"><a class=\"wp-block-button__link has-vivid-green-cyan-background-color has-background wp-element-button\" href=\"https:\/\/medecinechinoisevercors.com\/index.php\/me-contacter\/\">Me contacter<\/a><\/div>\n<\/div>\n\n\n\n<p class=\"has-light-green-cyan-color has-text-color has-link-color has-small-font-size wp-elements-5362024621c58a1d621b2e061b041937\"><\/p>\n\n\n\n<p><\/p>\n\n\n\n<p><\/p>\n\n\n\n<p class=\"has-light-green-cyan-color has-text-color has-link-color has-small-font-size wp-elements-5ac5a4498e6e0c282f727a7333b42eb5\">Il <em>est important de pr\u00e9ciser que n&rsquo;\u00e9tant pas m\u00e9decin, ni pharmacien, ma pratique de la m\u00e9decine traditionnelle chinoise et d&rsquo;herboristerie ne se substituent absolument \u00e0 la m\u00e9decine et la pharmacie conventionnelle.<\/em><\/p>\n\n\n\n<p class=\"has-light-green-cyan-color has-text-color has-link-color has-small-font-size wp-elements-94b085abb67db8b358fc880969f1347a\"><em>Il va de soi, que tous traitements prescris par votre m\u00e9decin doit \u00eatre suivi \u00e0 la lettre<\/em><\/p>\n\n\n\n<p><\/p>\n","protected":false},"excerpt":{"rendered":"<p>Autrefois, d&rsquo;\u00c2me Nature M\u00e9decine Traditionnelle Chinoise, Herboristerie, Produits de la ruche dans le Vercors Mon cabinet se situe \u00e0 Rencurel au coeur du Vercors, \u00e0 la limite de la Dr\u00f4me et de l&rsquo;Is\u00e8re. J&rsquo;y pratique la m\u00e9decine traditionnelle chinoise et l&rsquo;herboristerie. Les plantes utilis\u00e9es dans les soins sont cultiv\u00e9es dans mon jardin ou cueillies dans &hellip; <\/p>\n<p class=\"link-more\"><a href=\"https:\/\/medecinechinoisevercors.com\/\" class=\"more-link\">Continuer la lecture<span class=\"screen-reader-text\"> de &laquo;&nbsp;Accueil&nbsp;&raquo;<\/span><\/a><\/p>\n","protected":false},"author":1,"featured_media":0,"parent":0,"menu_order":0,"comment_status":"closed","ping_status":"closed","template":"","meta":{"footnotes":""},"class_list":["post-1300","page","type-page","status-publish","hentry"],"jetpack_sharing_enabled":true,"_links":{"self":[{"href":"https:\/\/medecinechinoisevercors.com\/index.php\/wp-json\/wp\/v2\/pages\/1300","targetHints":{"allow":["GET"]}}],"collection":[{"href":"https:\/\/medecinechinoisevercors.com\/index.php\/wp-json\/wp\/v2\/pages"}],"about":[{"href":"https:\/\/medecinechinoisevercors.com\/index.php\/wp-json\/wp\/v2\/types\/page"}],"author":[{"embeddable":true,"href":"https:\/\/medecinechinoisevercors.com\/index.php\/wp-json\/wp\/v2\/users\/1"}],"replies":[{"embeddable":true,"href":"https:\/\/medecinechinoisevercors.com\/index.php\/wp-json\/wp\/v2\/comments?post=1300"}],"version-history":[{"count":15,"href":"https:\/\/medecinechinoisevercors.com\/index.php\/wp-json\/wp\/v2\/pages\/1300\/revisions"}],"predecessor-version":[{"id":1422,"href":"https:\/\/medecinechinoisevercors.com\/index.php\/wp-json\/wp\/v2\/pages\/1300\/revisions\/1422"}],"wp:attachment":[{"href":"https:\/\/medecinechinoisevercors.com\/index.php\/wp-json\/wp\/v2\/media?parent=1300"}],"curies":[{"name":"wp","href":"https:\/\/api.w.org\/{rel}","templated":true}]}}