{"id":1362,"date":"2025-12-01T17:46:38","date_gmt":"2025-12-01T16:46:38","guid":{"rendered":"https:\/\/medecinechinoisevercors.com\/?page_id=1362"},"modified":"2025-12-01T17:46:38","modified_gmt":"2025-12-01T16:46:38","slug":"la-gelee-royale-un-elixir-naturel","status":"publish","type":"page","link":"https:\/\/medecinechinoisevercors.com\/index.php\/la-gelee-royale-un-elixir-naturel\/","title":{"rendered":"La gel\u00e9e royale, un elixir naturel"},"content":{"rendered":"\n<p>La gel\u00e9e royale est une substance pr\u00e9cieuse, s\u00e9cr\u00e9t\u00e9e par les glandes pharyngiennes des jeunes abeilles nourrici\u00e8res. Ce v\u00e9ritable tr\u00e9sor de la ruche, r\u00e9serv\u00e9 \u00e0 l\u2019alimentation exclusive de la reine, est connu pour sa richesse exceptionnelle en nutriments et ses nombreux bienfaits pour la sant\u00e9. Sa r\u00e9colte exige une technicit\u00e9 sp\u00e9cifique, et sa production est limit\u00e9e, ce qui en fait un produit rare et pris\u00e9.<\/p>\n\n\n\n<p>On a souvent fait de la gel\u00e9e royale un rem\u00e8de miracle capable de gu\u00e9rir toutes les maladies. Enthousiasme un peu exag\u00e9r\u00e9, sans doute. Mais il est certain que ses propri\u00e9t\u00e9s en font un produit hautement recommand\u00e9 dans de nombreux cas<\/p>\n\n\n\n<figure class=\"wp-block-image\"><img decoding=\"async\" src=\"https:\/\/www.docteur-abeille.com\/wp-content\/uploads\/2024\/09\/Gelee-royale-Docteur-Abeille-1024x1024.png\" alt=\"\" class=\"wp-image-29090\"\/><\/figure>\n\n\n\n<h2 class=\"wp-block-heading\"><\/h2>\n\n\n\n<h2 class=\"wp-block-heading has-light-green-cyan-color has-text-color has-link-color wp-elements-dc088568dac702285837144525f3c286\">Des propri\u00e9t\u00e9s de la gel\u00e9e royale<\/h2>\n\n\n\n<p>Riche en vitamine B5 (Acide Pantoth\u00e9nique)<\/p>\n\n\n\n<p>La gel\u00e9e royale est la substance naturelle la plus concentr\u00e9e en vitamine B5, connue pour ses propri\u00e9t\u00e9s anti-stress et sa capacit\u00e9 \u00e0 combattre la fatigue. Cette vitamine est essentielle pour favoriser la long\u00e9vit\u00e9 et le bon fonctionnement du m\u00e9tabolisme.<\/p>\n\n\n\n<p>Action sur le m\u00e9tabolisme et les syst\u00e8mes corporels<\/p>\n\n\n\n<p>La gel\u00e9e royale a une action capitale sur plusieurs syst\u00e8mes de l&rsquo;organisme, y compris le syst\u00e8me cardiovasculaire, digestif, immunitaire, endocrinien, nerveux et psychique. Elle contribue \u00e0 une meilleure sant\u00e9 globale en r\u00e9gulant et en \u00e9quilibrant les fonctions internes.<\/p>\n\n\n\n<p>Effet stimulant, fortifiant et anti-\u00e2ge<\/p>\n\n\n\n<p>Ce superaliment est reconnu pour ses effets stimulants, fortifiants et m\u00eame euphorisants. Il aide \u00e0 combattre les signes du vieillissement, qu&rsquo;ils soient physiques ou intellectuels, gr\u00e2ce \u00e0 sa capacit\u00e9 \u00e0 augmenter l&rsquo;apport d&rsquo;oxyg\u00e8ne au cerveau, am\u00e9liorant ainsi la clart\u00e9 mentale et les capacit\u00e9s cognitives.<\/p>\n","protected":false},"excerpt":{"rendered":"<p>La gel\u00e9e royale est une substance pr\u00e9cieuse, s\u00e9cr\u00e9t\u00e9e par les glandes pharyngiennes des jeunes abeilles nourrici\u00e8res. Ce v\u00e9ritable tr\u00e9sor de la ruche, r\u00e9serv\u00e9 \u00e0 l\u2019alimentation exclusive de la reine, est connu pour sa richesse exceptionnelle en nutriments et ses nombreux bienfaits pour la sant\u00e9. Sa r\u00e9colte exige une technicit\u00e9 sp\u00e9cifique, et sa production est limit\u00e9e, &hellip; <\/p>\n<p class=\"link-more\"><a href=\"https:\/\/medecinechinoisevercors.com\/index.php\/la-gelee-royale-un-elixir-naturel\/\" class=\"more-link\">Continuer la lecture<span class=\"screen-reader-text\"> de &laquo;&nbsp;La gel\u00e9e royale, un elixir naturel&nbsp;&raquo;<\/span><\/a><\/p>\n","protected":false},"author":1,"featured_media":0,"parent":0,"menu_order":0,"comment_status":"closed","ping_status":"closed","template":"","meta":{"footnotes":""},"class_list":["post-1362","page","type-page","status-publish","hentry"],"jetpack_sharing_enabled":true,"_links":{"self":[{"href":"https:\/\/medecinechinoisevercors.com\/index.php\/wp-json\/wp\/v2\/pages\/1362","targetHints":{"allow":["GET"]}}],"collection":[{"href":"https:\/\/medecinechinoisevercors.com\/index.php\/wp-json\/wp\/v2\/pages"}],"about":[{"href":"https:\/\/medecinechinoisevercors.com\/index.php\/wp-json\/wp\/v2\/types\/page"}],"author":[{"embeddable":true,"href":"https:\/\/medecinechinoisevercors.com\/index.php\/wp-json\/wp\/v2\/users\/1"}],"replies":[{"embeddable":true,"href":"https:\/\/medecinechinoisevercors.com\/index.php\/wp-json\/wp\/v2\/comments?post=1362"}],"version-history":[{"count":1,"href":"https:\/\/medecinechinoisevercors.com\/index.php\/wp-json\/wp\/v2\/pages\/1362\/revisions"}],"predecessor-version":[{"id":1364,"href":"https:\/\/medecinechinoisevercors.com\/index.php\/wp-json\/wp\/v2\/pages\/1362\/revisions\/1364"}],"wp:attachment":[{"href":"https:\/\/medecinechinoisevercors.com\/index.php\/wp-json\/wp\/v2\/media?parent=1362"}],"curies":[{"name":"wp","href":"https:\/\/api.w.org\/{rel}","templated":true}]}}