{"id":216,"date":"2020-11-30T18:38:12","date_gmt":"2020-11-30T17:38:12","guid":{"rendered":"http:\/\/medecinechinoisevercors.com\/?page_id=216"},"modified":"2025-12-02T14:04:32","modified_gmt":"2025-12-02T13:04:32","slug":"les-techniques-utilisees","status":"publish","type":"page","link":"https:\/\/medecinechinoisevercors.com\/index.php\/les-techniques-utilisees\/","title":{"rendered":"Qu&rsquo;est ce que la M\u00e9decine Traditionnelle Chinoise?"},"content":{"rendered":"<div class=\"wp-block-image is-style-default\">\n<figure class=\"aligncenter size-large is-resized\"><img fetchpriority=\"high\" decoding=\"async\" width=\"1024\" height=\"1024\" src=\"https:\/\/medecinechinoisevercors.com\/wp-content\/uploads\/2025\/11\/Votre-texte-de-paragraphe3-1024x1024.png\" alt=\"\" class=\"wp-image-1268\" style=\"width:344px;height:auto\" srcset=\"https:\/\/medecinechinoisevercors.com\/wp-content\/uploads\/2025\/11\/Votre-texte-de-paragraphe3-1024x1024.png 1024w, https:\/\/medecinechinoisevercors.com\/wp-content\/uploads\/2025\/11\/Votre-texte-de-paragraphe3-300x300.png 300w, https:\/\/medecinechinoisevercors.com\/wp-content\/uploads\/2025\/11\/Votre-texte-de-paragraphe3-150x150.png 150w, https:\/\/medecinechinoisevercors.com\/wp-content\/uploads\/2025\/11\/Votre-texte-de-paragraphe3-768x768.png 768w, https:\/\/medecinechinoisevercors.com\/wp-content\/uploads\/2025\/11\/Votre-texte-de-paragraphe3-100x100.png 100w, https:\/\/medecinechinoisevercors.com\/wp-content\/uploads\/2025\/11\/Votre-texte-de-paragraphe3-1320x1320.png 1320w, https:\/\/medecinechinoisevercors.com\/wp-content\/uploads\/2025\/11\/Votre-texte-de-paragraphe3-250x250.png 250w, https:\/\/medecinechinoisevercors.com\/wp-content\/uploads\/2025\/11\/Votre-texte-de-paragraphe3-350x350.png 350w, https:\/\/medecinechinoisevercors.com\/wp-content\/uploads\/2025\/11\/Votre-texte-de-paragraphe3.png 1500w\" sizes=\"(max-width: 767px) 89vw, (max-width: 1000px) 54vw, (max-width: 1071px) 543px, 580px\" \/><\/figure>\n<\/div>\n\n\n<div class=\"wp-block-buttons is-content-justification-center is-layout-flex wp-container-core-buttons-is-layout-16018d1d wp-block-buttons-is-layout-flex\">\n<div class=\"wp-block-button has-custom-width wp-block-button__width-75\"><a class=\"wp-block-button__link has-vivid-green-cyan-background-color has-background has-text-align-center wp-element-button\" href=\"https:\/\/user.clicrdv.com\/goetschy-celine-medecine-chinoise\">PRENDRE RDV<\/a><\/div>\n<\/div>\n\n\n\n<p><\/p>\n\n\n\n<p class=\"has-text-align-center\"><strong>La m\u00e9decine chinoise<\/strong> (zh\u014dng y\u012b \u4e2d\u533b), \u00e9galement appel\u00e9e M\u00e9decine Traditionnelle Chinoise (MTC), est vieille de plusieurs milliers d\u2019ann\u00e9es. Elle est principalement bas\u00e9e sur le confucianisme et sur les conceptions philosophiques et religieuses Tao\u00efste, c\u2019est pourquoi on peut lire parfois que la MTC est appel\u00e9e \u00ab&nbsp;<em>la m\u00e9decine du Tao<\/em>\u00ab&nbsp;. Le Tao\u00efsme est la seule \u00ab&nbsp;vraie&nbsp;\u00bb religion chinoise et a une conception de la nature bas\u00e9e sur deux th\u00e9ories anciennes dont la plupart d\u2019entre nous ont au moins une fois d\u00e9j\u00e0 entendu parl\u00e9: \u00ab<em>&nbsp;<a href=\"https:\/\/dietetiquetuina.fr\/4\/la-theorie-du-yin-et-yang\/\">la Th\u00e9orie du Yin \/ Yang<\/a>&nbsp;<\/em>\u00bb et \u00ab<em>&nbsp;<a href=\"https:\/\/dietetiquetuina.fr\/7\/la-theorie-des-cinq-elements\/\">la Th\u00e9orie des cinq \u00e9l\u00e9ments<\/a><\/em>\u00ab&nbsp;.<\/p>\n\n\n\n<p><\/p>\n\n\n\n<p class=\"has-text-align-center\">Ces deux th\u00e9ories sont les fondements de la m\u00e9decine chinoise. En raison de ses fondements, la MTC est souvent difficile \u00e0 comprendre pour les occidentaux car elle voit l\u2019homme de fa\u00e7on diff\u00e9rente. En effet, elle voit l\u2019homme dans son ensemble, dans son milieu de vie, ses probl\u00e8mes, ses joies, sa fa\u00e7on de se nourrir, le rapport aux autres, le niveau de stress, etc&#8230; La liste peut \u00eatre tr\u00e8s longue.<\/p>\n\n\n\n<p class=\"has-text-align-center has-vivid-green-cyan-color has-text-color has-link-color has-medium-font-size wp-elements-6d746d6e0e77f6310f25d3ea56489ee9\"><strong>La th\u00e9orie du Yin et du Yang<\/strong><\/p>\n\n\n\n<p class=\"has-text-align-center\"><strong>La th\u00e9orie du Yin et Yang<\/strong> a \u00e9t\u00e9 d\u00e9couverte en Chine en m\u00eame temps que <a href=\"https:\/\/dietetiquetuina.fr\/7\/la-theorie-des-cinq-elements\/\" target=\"_blank\" rel=\"noreferrer noopener\">la th\u00e9orie des cinq \u00e9l\u00e9ments<\/a> (vers le 9eme si\u00e8cle avent J.C), certains enseignants chinois disent que <strong>la th\u00e9orie du Yin et Yang<\/strong> serait encore plus ancienne.<br>Lorsqu\u2019on \u00e9tudie l\u2019une de ces 2 th\u00e9ories, il faut souvent faire r\u00e9f\u00e9rence \u00e0 la deuxi\u00e8me car les deux th\u00e9ories sont intimement li\u00e9es. Ces 2 th\u00e9ories ont \u00e9t\u00e9 tr\u00e8s vite utilis\u00e9es par les tao\u00efstes dans toutes les sciences: m\u00e9decine, philosophie, astrologie\u2026<br>De plus, ces 2 th\u00e9ories sont li\u00e9es de fa\u00e7on \u00e9troite \u00e0 la compr\u00e9hension de l\u2019<a href=\"https:\/\/dietetiquetuina.fr\/categorie\/tuina-dietetique-chinoise\/comprendre-medecine-chinoise\/lenergie-qi\/\" target=\"_blank\" rel=\"noreferrer noopener\">\u00e9nergie<\/a> (appel\u00e9 \u00ab&nbsp;Qi&nbsp;\u00bb en chinois et prononc\u00e9 \u00ab&nbsp;Tchi&nbsp;\u00bb) qui anime<strong> <a href=\"https:\/\/dietetiquetuina.fr\/11\/homme-dans-univers\/\" target=\"_blank\" rel=\"noreferrer noopener\">l\u2019univers<\/a><\/strong> et le font vivre.<\/p>\n\n\n\n<p class=\"has-text-align-center\">Les deux \u00e9nergies (Qi) issues du ciel et de la terre sont:<\/p>\n\n\n\n<ul class=\"wp-block-list\">\n<li>Le Yin Qi, semblable \u00e0 l\u2019eau qui descend.<\/li>\n\n\n\n<li>Le Yang Qi, semblable au feu qui monte.<\/li>\n<\/ul>\n\n\n\n<p><strong>La th\u00e9orie du Yin et Yang<\/strong> dit que le \u00ab&nbsp;<em>Yin<\/em>&nbsp;\u00bb attire le \u00ab&nbsp;<em>Yang<\/em>&nbsp;\u00bb et le \u00ab&nbsp;<em>Yang<\/em>&nbsp;\u00bb attire le \u00ab&nbsp;<em>Yin<\/em>&nbsp;\u00bb et cette compl\u00e9mentarit\u00e9 binaire se retrouve partout:<\/p>\n\n\n\n<ul class=\"wp-block-list\">\n<li>en \u00e9lectricit\u00e9: le p\u00f4le positif et n\u00e9gatif du courant<\/li>\n\n\n\n<li>en biologie: h\u00e9liotropisme positif et n\u00e9gatif des v\u00e9g\u00e9taux<\/li>\n\n\n\n<li>en chimie: bases et acides<\/li>\n\n\n\n<li>en cristallographie et optique: d\u00e9viations l\u00e9vogyre et dextrogyre de la lumi\u00e8re<\/li>\n<\/ul>\n\n\n\n<p class=\"has-text-align-center\">Le caract\u00e8re chinois \u00ab&nbsp;<strong>Yin<\/strong>&nbsp;\u00bb (\u9670) servait \u00e0 l\u2019origine \u00e0 d\u00e9signer le versant d\u2019une colline qui manquait de soleil. Il repr\u00e9sente entre autres le noir, le bleu, le passif, l\u2019int\u00e9rioris\u00e9, le f\u00e9minin, la lune, le sombre, le froid, le n\u00e9gatif\u2026<br>En ce qui concerne le corps humain, le <strong>Yin<\/strong> est associ\u00e9 \u00e0 la sensation de froid dans le corps, \u00e0 l\u2019hypoactivit\u00e9 des organes (nomm\u00e9 \u00ab&nbsp;le vide&nbsp;\u00bb dans le langage de la <a href=\"https:\/\/dietetiquetuina.fr\/medecinechinoise\/\" target=\"_blank\" rel=\"noreferrer noopener\"><strong>MTC<\/strong><\/a>), au prolapsus des tissus.<\/p>\n\n\n\n<p class=\"has-text-align-center\">Quant au caract\u00e8re chinois \u00ab&nbsp;<strong>Yang<\/strong>&nbsp;\u00bb (\u967d), il servait \u00e0 d\u00e9signer le versant ensoleill\u00e9 d\u2019une colline. Il repr\u00e9sente entre autres le blanc, le rouge, la chaleur, le masculin, le soleil, l\u2019activit\u00e9, la clart\u00e9, le positif\u2026<br>Sur le corps humain, le \u00ab&nbsp;<strong>Yang<\/strong>&nbsp;\u00bb est associ\u00e9 aux manifestations comme la fi\u00e8vre et les sensations de chaleur dans le corps, les hyper-fonctionnements du corps comme les hypertensions, toutes les inflammations (tendinite, cystite\u2026) et douleurs des tissus et des nerfs.<\/p>\n\n\n\n<p class=\"has-text-align-center\">Dans la m\u00e9decine traditionnelle chinoise, <strong>le Yin et Yang<\/strong> sont en \u00e9quilibre dans chaque individu et l\u2019homme doit apprendre \u00e0 contr\u00f4ler ces deux forces dans son corps.<br><a href=\"https:\/\/dietetiquetuina.fr\/medecinechinoise\/huangdi-nei-jing\/\">Le Huang Di Nei Jing (ancien classique de la MTC)<\/a> dit \u00ab&nbsp;<strong>Le Yin et Yang<\/strong> bougent sans arr\u00eat dans le corps de l\u2019homme et il faut utiliser ces deux forces pour r\u00e9tablir l\u2019harmonie lorsqu\u2019il y a maladie&nbsp;\u00bb.<\/p>\n\n\n\n<p class=\"has-text-align-center has-vivid-green-cyan-color has-text-color has-link-color has-medium-font-size wp-elements-6e0a4f607fa3a99d9bf7ece4576e06bd\"><strong>La th\u00e9orie des 5 \u00e9l\u00e9ments<\/strong><\/p>\n\n\n\n<p class=\"has-text-align-center\">La th\u00e9orie des 5 \u00e9l\u00e9ments (ou plus exactement des 5 mouvements) est tr\u00e8s ancienne et aurait \u00e9t\u00e9 cr\u00e9e bien avant les th\u00e9ories astrologiques et m\u00e9dicales. Elle s\u2019int\u00e8gre \u00e9troitement avec <a href=\"https:\/\/dietetiquetuina.fr\/4\/la-theorie-du-yin-et-yang\/\" target=\"_blank\" rel=\"noreferrer noopener\">la th\u00e9orie du Yin et Yang<\/a> et pour \u00eatre bien comprise il est pr\u00e9f\u00e9rable de replacer la th\u00e9orie des 5 \u00e9l\u00e9ments dans le contexte de la Chine ancienne. L\u2019\u00e9poque du travail des champs, dont la vie \u00e9tait rythm\u00e9e par la nature, par les saisons et par celles des jours et des nuits.<br>Les p\u00e9riodes de l\u2019\u00e9t\u00e9 \u00e9taient les plus actives, o\u00f9 il y avait le plus de travail \u00e0 faire, ceci en total opposition avec l\u2019hiver o\u00f9 les p\u00e9riodes de repos se succ\u00e8de.<\/p>\n\n\n\n<p class=\"has-text-align-center\">Transposant l\u2019alternance des rythmes observ\u00e9s, les chinois \u00e9tablirent par notion de concordance, que le lev\u00e9 du soleil correspond \u00e0 l\u2019est et au printemps, lorsque celui-ci est au plus haut cela correspond au sud, \u00e0 l\u2019\u00e9t\u00e9 et \u00e0 midi. Le couch\u00e9 du soleil correspond \u00e0 l\u2019ouest et a l\u2019automne et enfin, la nuit correspond au nord, \u00e0 l\u2019hiver, au repos. C\u2019\u00e9tait le d\u00e9but de <em>la th\u00e9orie des 5 \u00e9l\u00e9ments<\/em>.<\/p>\n\n\n\n<p class=\"has-text-align-center\">Je pense et cela reste personnel, mais ces th\u00e9ories et cette fa\u00e7on de voir le monde a du inspir\u00e9 nos anciens \u00ab\u00a0m\u00e9decins\u00a0\u00bb (druides, sorciers, chamans, appelez les comme vous voulez) du monde occidental. <\/p>\n\n\n\n<p class=\"has-text-align-center\"><strong>Tout est li\u00e9, tout est \u00e9nergie &#8230; Et c&rsquo;est dans ce sens l\u00e0 que je tente \u00e0 orienter ma pratique.<\/strong><\/p>\n\n\n\n<p class=\"has-light-green-cyan-color has-text-color has-link-color wp-elements-60270884290cfffb279e7c253d60b914\"><em>Important : Ma pratique ne se substitue pas aux pratiques de la m\u00e9decine et la pharmacie conventionnelle. Je ne suis ni m\u00e9decin, ni pharmacien<\/em><\/p>\n\n\n\n<p class=\"has-text-align-center has-vivid-green-cyan-color has-text-color has-link-color wp-elements-f07a5d7edf80dc719a228d7b514684d7\">Pour en savoir plus sur les techniques utilis\u00e9es, cliquez sur les images <\/p>\n\n\n<div class=\"wp-block-image is-style-rounded\">\n<figure class=\"aligncenter size-large is-resized\"><a href=\"https:\/\/medecinechinoisevercors.com\/index.php\/le-tuina\/\"><img decoding=\"async\" width=\"1024\" height=\"1024\" src=\"https:\/\/medecinechinoisevercors.com\/wp-content\/uploads\/2025\/12\/Le-Tuina-1024x1024.png\" alt=\"\" class=\"wp-image-1400\" style=\"width:330px;height:auto\" srcset=\"https:\/\/medecinechinoisevercors.com\/wp-content\/uploads\/2025\/12\/Le-Tuina-1024x1024.png 1024w, https:\/\/medecinechinoisevercors.com\/wp-content\/uploads\/2025\/12\/Le-Tuina-300x300.png 300w, https:\/\/medecinechinoisevercors.com\/wp-content\/uploads\/2025\/12\/Le-Tuina-150x150.png 150w, https:\/\/medecinechinoisevercors.com\/wp-content\/uploads\/2025\/12\/Le-Tuina-768x768.png 768w, https:\/\/medecinechinoisevercors.com\/wp-content\/uploads\/2025\/12\/Le-Tuina-100x100.png 100w, https:\/\/medecinechinoisevercors.com\/wp-content\/uploads\/2025\/12\/Le-Tuina-1320x1320.png 1320w, https:\/\/medecinechinoisevercors.com\/wp-content\/uploads\/2025\/12\/Le-Tuina-250x250.png 250w, https:\/\/medecinechinoisevercors.com\/wp-content\/uploads\/2025\/12\/Le-Tuina-350x350.png 350w, https:\/\/medecinechinoisevercors.com\/wp-content\/uploads\/2025\/12\/Le-Tuina.png 1500w\" sizes=\"(max-width: 767px) 89vw, (max-width: 1000px) 54vw, (max-width: 1071px) 543px, 580px\" \/><\/a><\/figure>\n<\/div>\n\n<div class=\"wp-block-image is-style-rounded\">\n<figure class=\"aligncenter size-large is-resized\"><a href=\"https:\/\/medecinechinoisevercors.com\/index.php\/les-ventouses\/\"><img decoding=\"async\" width=\"1024\" height=\"1024\" src=\"https:\/\/medecinechinoisevercors.com\/wp-content\/uploads\/2025\/12\/Les-ventouses-1024x1024.png\" alt=\"\" class=\"wp-image-1402\" style=\"width:340px;height:auto\" srcset=\"https:\/\/medecinechinoisevercors.com\/wp-content\/uploads\/2025\/12\/Les-ventouses-1024x1024.png 1024w, https:\/\/medecinechinoisevercors.com\/wp-content\/uploads\/2025\/12\/Les-ventouses-300x300.png 300w, https:\/\/medecinechinoisevercors.com\/wp-content\/uploads\/2025\/12\/Les-ventouses-150x150.png 150w, https:\/\/medecinechinoisevercors.com\/wp-content\/uploads\/2025\/12\/Les-ventouses-768x768.png 768w, https:\/\/medecinechinoisevercors.com\/wp-content\/uploads\/2025\/12\/Les-ventouses-100x100.png 100w, https:\/\/medecinechinoisevercors.com\/wp-content\/uploads\/2025\/12\/Les-ventouses-1320x1320.png 1320w, https:\/\/medecinechinoisevercors.com\/wp-content\/uploads\/2025\/12\/Les-ventouses-250x250.png 250w, https:\/\/medecinechinoisevercors.com\/wp-content\/uploads\/2025\/12\/Les-ventouses-350x350.png 350w, https:\/\/medecinechinoisevercors.com\/wp-content\/uploads\/2025\/12\/Les-ventouses.png 1500w\" sizes=\"(max-width: 767px) 89vw, (max-width: 1000px) 54vw, (max-width: 1071px) 543px, 580px\" \/><\/a><\/figure>\n<\/div>\n\n<div class=\"wp-block-image is-style-rounded\">\n<figure class=\"aligncenter size-large is-resized\"><a href=\"https:\/\/medecinechinoisevercors.com\/index.php\/le-guasha\/\"><img loading=\"lazy\" decoding=\"async\" width=\"1024\" height=\"1024\" src=\"https:\/\/medecinechinoisevercors.com\/wp-content\/uploads\/2025\/12\/Le-guasha-1024x1024.png\" alt=\"\" class=\"wp-image-1405\" style=\"width:332px;height:auto\" srcset=\"https:\/\/medecinechinoisevercors.com\/wp-content\/uploads\/2025\/12\/Le-guasha-1024x1024.png 1024w, https:\/\/medecinechinoisevercors.com\/wp-content\/uploads\/2025\/12\/Le-guasha-300x300.png 300w, https:\/\/medecinechinoisevercors.com\/wp-content\/uploads\/2025\/12\/Le-guasha-150x150.png 150w, https:\/\/medecinechinoisevercors.com\/wp-content\/uploads\/2025\/12\/Le-guasha-768x768.png 768w, https:\/\/medecinechinoisevercors.com\/wp-content\/uploads\/2025\/12\/Le-guasha-100x100.png 100w, https:\/\/medecinechinoisevercors.com\/wp-content\/uploads\/2025\/12\/Le-guasha-1320x1320.png 1320w, https:\/\/medecinechinoisevercors.com\/wp-content\/uploads\/2025\/12\/Le-guasha-250x250.png 250w, https:\/\/medecinechinoisevercors.com\/wp-content\/uploads\/2025\/12\/Le-guasha-350x350.png 350w, https:\/\/medecinechinoisevercors.com\/wp-content\/uploads\/2025\/12\/Le-guasha.png 1500w\" sizes=\"(max-width: 767px) 89vw, (max-width: 1000px) 54vw, (max-width: 1071px) 543px, 580px\" \/><\/a><\/figure>\n<\/div>\n\n<div class=\"wp-block-image is-style-rounded\">\n<figure class=\"aligncenter size-large is-resized\"><a href=\"https:\/\/medecinechinoisevercors.com\/index.php\/la-moxibustion\/\"><img loading=\"lazy\" decoding=\"async\" width=\"1024\" height=\"1024\" src=\"https:\/\/medecinechinoisevercors.com\/wp-content\/uploads\/2025\/12\/La-moxibustion-1024x1024.png\" alt=\"\" class=\"wp-image-1407\" style=\"width:320px;height:auto\" srcset=\"https:\/\/medecinechinoisevercors.com\/wp-content\/uploads\/2025\/12\/La-moxibustion-1024x1024.png 1024w, https:\/\/medecinechinoisevercors.com\/wp-content\/uploads\/2025\/12\/La-moxibustion-300x300.png 300w, https:\/\/medecinechinoisevercors.com\/wp-content\/uploads\/2025\/12\/La-moxibustion-150x150.png 150w, https:\/\/medecinechinoisevercors.com\/wp-content\/uploads\/2025\/12\/La-moxibustion-768x768.png 768w, https:\/\/medecinechinoisevercors.com\/wp-content\/uploads\/2025\/12\/La-moxibustion-100x100.png 100w, https:\/\/medecinechinoisevercors.com\/wp-content\/uploads\/2025\/12\/La-moxibustion-1320x1320.png 1320w, https:\/\/medecinechinoisevercors.com\/wp-content\/uploads\/2025\/12\/La-moxibustion-250x250.png 250w, https:\/\/medecinechinoisevercors.com\/wp-content\/uploads\/2025\/12\/La-moxibustion-350x350.png 350w, https:\/\/medecinechinoisevercors.com\/wp-content\/uploads\/2025\/12\/La-moxibustion.png 1500w\" sizes=\"(max-width: 767px) 89vw, (max-width: 1000px) 54vw, (max-width: 1071px) 543px, 580px\" \/><\/a><\/figure>\n<\/div>\n\n<div class=\"wp-block-image is-style-rounded\">\n<figure class=\"aligncenter size-large is-resized\"><img loading=\"lazy\" decoding=\"async\" width=\"1024\" height=\"1024\" src=\"https:\/\/medecinechinoisevercors.com\/wp-content\/uploads\/2025\/12\/Le-Qi-Gong-1024x1024.png\" alt=\"\" class=\"wp-image-1409\" style=\"width:332px;height:auto\" srcset=\"https:\/\/medecinechinoisevercors.com\/wp-content\/uploads\/2025\/12\/Le-Qi-Gong-1024x1024.png 1024w, https:\/\/medecinechinoisevercors.com\/wp-content\/uploads\/2025\/12\/Le-Qi-Gong-300x300.png 300w, https:\/\/medecinechinoisevercors.com\/wp-content\/uploads\/2025\/12\/Le-Qi-Gong-150x150.png 150w, https:\/\/medecinechinoisevercors.com\/wp-content\/uploads\/2025\/12\/Le-Qi-Gong-768x768.png 768w, https:\/\/medecinechinoisevercors.com\/wp-content\/uploads\/2025\/12\/Le-Qi-Gong-100x100.png 100w, https:\/\/medecinechinoisevercors.com\/wp-content\/uploads\/2025\/12\/Le-Qi-Gong-1320x1320.png 1320w, https:\/\/medecinechinoisevercors.com\/wp-content\/uploads\/2025\/12\/Le-Qi-Gong-250x250.png 250w, https:\/\/medecinechinoisevercors.com\/wp-content\/uploads\/2025\/12\/Le-Qi-Gong-350x350.png 350w, https:\/\/medecinechinoisevercors.com\/wp-content\/uploads\/2025\/12\/Le-Qi-Gong.png 1500w\" sizes=\"(max-width: 767px) 89vw, (max-width: 1000px) 54vw, (max-width: 1071px) 543px, 580px\" \/><\/figure>\n<\/div>\n\n\n<p class=\"has-text-align-center has-vivid-green-cyan-color has-text-color has-link-color wp-elements-dc5ac881d9d3bfb96f69ece9ce152a17\">Autres techniques issues des traditions asiatiques ancestrales<\/p>\n\n\n<div class=\"wp-block-image is-style-rounded\">\n<figure class=\"aligncenter size-large is-resized\"><a href=\"https:\/\/medecinechinoisevercors.com\/index.php\/le-qi-nei-zang\/\"><img loading=\"lazy\" decoding=\"async\" width=\"1024\" height=\"1024\" src=\"https:\/\/medecinechinoisevercors.com\/wp-content\/uploads\/2025\/12\/Le-Qi-Nei-Zang-1024x1024.png\" alt=\"\" class=\"wp-image-1411\" style=\"width:321px;height:auto\" srcset=\"https:\/\/medecinechinoisevercors.com\/wp-content\/uploads\/2025\/12\/Le-Qi-Nei-Zang-1024x1024.png 1024w, https:\/\/medecinechinoisevercors.com\/wp-content\/uploads\/2025\/12\/Le-Qi-Nei-Zang-300x300.png 300w, https:\/\/medecinechinoisevercors.com\/wp-content\/uploads\/2025\/12\/Le-Qi-Nei-Zang-150x150.png 150w, https:\/\/medecinechinoisevercors.com\/wp-content\/uploads\/2025\/12\/Le-Qi-Nei-Zang-768x768.png 768w, https:\/\/medecinechinoisevercors.com\/wp-content\/uploads\/2025\/12\/Le-Qi-Nei-Zang-100x100.png 100w, https:\/\/medecinechinoisevercors.com\/wp-content\/uploads\/2025\/12\/Le-Qi-Nei-Zang-1320x1320.png 1320w, https:\/\/medecinechinoisevercors.com\/wp-content\/uploads\/2025\/12\/Le-Qi-Nei-Zang-250x250.png 250w, https:\/\/medecinechinoisevercors.com\/wp-content\/uploads\/2025\/12\/Le-Qi-Nei-Zang-350x350.png 350w, https:\/\/medecinechinoisevercors.com\/wp-content\/uploads\/2025\/12\/Le-Qi-Nei-Zang.png 1500w\" sizes=\"(max-width: 767px) 89vw, (max-width: 1000px) 54vw, (max-width: 1071px) 543px, 580px\" \/><\/a><\/figure>\n<\/div>\n\n<div class=\"wp-block-image is-style-rounded\">\n<figure class=\"aligncenter size-large is-resized\"><a href=\"https:\/\/medecinechinoisevercors.com\/index.php\/lacupuncture-abdominale\/\"><img loading=\"lazy\" decoding=\"async\" width=\"1024\" height=\"1024\" src=\"https:\/\/medecinechinoisevercors.com\/wp-content\/uploads\/2025\/12\/Lacupuncture-abdominale-1024x1024.png\" alt=\"\" class=\"wp-image-1412\" style=\"width:386px;height:auto\" srcset=\"https:\/\/medecinechinoisevercors.com\/wp-content\/uploads\/2025\/12\/Lacupuncture-abdominale-1024x1024.png 1024w, https:\/\/medecinechinoisevercors.com\/wp-content\/uploads\/2025\/12\/Lacupuncture-abdominale-300x300.png 300w, https:\/\/medecinechinoisevercors.com\/wp-content\/uploads\/2025\/12\/Lacupuncture-abdominale-150x150.png 150w, https:\/\/medecinechinoisevercors.com\/wp-content\/uploads\/2025\/12\/Lacupuncture-abdominale-768x768.png 768w, https:\/\/medecinechinoisevercors.com\/wp-content\/uploads\/2025\/12\/Lacupuncture-abdominale-100x100.png 100w, https:\/\/medecinechinoisevercors.com\/wp-content\/uploads\/2025\/12\/Lacupuncture-abdominale-1320x1320.png 1320w, https:\/\/medecinechinoisevercors.com\/wp-content\/uploads\/2025\/12\/Lacupuncture-abdominale-250x250.png 250w, https:\/\/medecinechinoisevercors.com\/wp-content\/uploads\/2025\/12\/Lacupuncture-abdominale-350x350.png 350w, https:\/\/medecinechinoisevercors.com\/wp-content\/uploads\/2025\/12\/Lacupuncture-abdominale.png 1500w\" sizes=\"(max-width: 767px) 89vw, (max-width: 1000px) 54vw, (max-width: 1071px) 543px, 580px\" \/><\/a><\/figure>\n<\/div>\n\n<div class=\"wp-block-image is-style-rounded\">\n<figure class=\"aligncenter size-large is-resized\"><a href=\"https:\/\/medecinechinoisevercors.com\/index.php\/lacu-lifting-du-visage\/\"><img loading=\"lazy\" decoding=\"async\" width=\"1024\" height=\"1024\" src=\"https:\/\/medecinechinoisevercors.com\/wp-content\/uploads\/2025\/12\/Laculifting-du-visage-1024x1024.png\" alt=\"\" class=\"wp-image-1414\" style=\"width:334px;height:auto\" srcset=\"https:\/\/medecinechinoisevercors.com\/wp-content\/uploads\/2025\/12\/Laculifting-du-visage-1024x1024.png 1024w, https:\/\/medecinechinoisevercors.com\/wp-content\/uploads\/2025\/12\/Laculifting-du-visage-300x300.png 300w, https:\/\/medecinechinoisevercors.com\/wp-content\/uploads\/2025\/12\/Laculifting-du-visage-150x150.png 150w, https:\/\/medecinechinoisevercors.com\/wp-content\/uploads\/2025\/12\/Laculifting-du-visage-768x768.png 768w, https:\/\/medecinechinoisevercors.com\/wp-content\/uploads\/2025\/12\/Laculifting-du-visage-100x100.png 100w, https:\/\/medecinechinoisevercors.com\/wp-content\/uploads\/2025\/12\/Laculifting-du-visage-1320x1320.png 1320w, https:\/\/medecinechinoisevercors.com\/wp-content\/uploads\/2025\/12\/Laculifting-du-visage-250x250.png 250w, https:\/\/medecinechinoisevercors.com\/wp-content\/uploads\/2025\/12\/Laculifting-du-visage-350x350.png 350w, https:\/\/medecinechinoisevercors.com\/wp-content\/uploads\/2025\/12\/Laculifting-du-visage.png 1500w\" sizes=\"(max-width: 767px) 89vw, (max-width: 1000px) 54vw, (max-width: 1071px) 543px, 580px\" \/><\/a><\/figure>\n<\/div>\n\n\n<p><\/p>\n","protected":false},"excerpt":{"rendered":"<p>La m\u00e9decine chinoise (zh\u014dng y\u012b \u4e2d\u533b), \u00e9galement appel\u00e9e M\u00e9decine Traditionnelle Chinoise (MTC), est vieille de plusieurs milliers d\u2019ann\u00e9es. Elle est principalement bas\u00e9e sur le confucianisme et sur les conceptions philosophiques et religieuses Tao\u00efste, c\u2019est pourquoi on peut lire parfois que la MTC est appel\u00e9e \u00ab&nbsp;la m\u00e9decine du Tao\u00ab&nbsp;. Le Tao\u00efsme est la seule \u00ab&nbsp;vraie&nbsp;\u00bb religion &hellip; <\/p>\n<p class=\"link-more\"><a href=\"https:\/\/medecinechinoisevercors.com\/index.php\/les-techniques-utilisees\/\" class=\"more-link\">Continuer la lecture<span class=\"screen-reader-text\"> de &laquo;&nbsp;Qu&rsquo;est ce que la M\u00e9decine Traditionnelle Chinoise?&nbsp;&raquo;<\/span><\/a><\/p>\n","protected":false},"author":1,"featured_media":0,"parent":0,"menu_order":0,"comment_status":"closed","ping_status":"closed","template":"","meta":{"footnotes":""},"class_list":["post-216","page","type-page","status-publish","hentry"],"jetpack_sharing_enabled":true,"_links":{"self":[{"href":"https:\/\/medecinechinoisevercors.com\/index.php\/wp-json\/wp\/v2\/pages\/216","targetHints":{"allow":["GET"]}}],"collection":[{"href":"https:\/\/medecinechinoisevercors.com\/index.php\/wp-json\/wp\/v2\/pages"}],"about":[{"href":"https:\/\/medecinechinoisevercors.com\/index.php\/wp-json\/wp\/v2\/types\/page"}],"author":[{"embeddable":true,"href":"https:\/\/medecinechinoisevercors.com\/index.php\/wp-json\/wp\/v2\/users\/1"}],"replies":[{"embeddable":true,"href":"https:\/\/medecinechinoisevercors.com\/index.php\/wp-json\/wp\/v2\/comments?post=216"}],"version-history":[{"count":20,"href":"https:\/\/medecinechinoisevercors.com\/index.php\/wp-json\/wp\/v2\/pages\/216\/revisions"}],"predecessor-version":[{"id":1418,"href":"https:\/\/medecinechinoisevercors.com\/index.php\/wp-json\/wp\/v2\/pages\/216\/revisions\/1418"}],"wp:attachment":[{"href":"https:\/\/medecinechinoisevercors.com\/index.php\/wp-json\/wp\/v2\/media?parent=216"}],"curies":[{"name":"wp","href":"https:\/\/api.w.org\/{rel}","templated":true}]}}