{"id":57,"date":"2020-10-03T16:47:58","date_gmt":"2020-10-03T14:47:58","guid":{"rendered":"http:\/\/medecinechinoisevercors.com\/?page_id=57"},"modified":"2020-10-08T15:14:53","modified_gmt":"2020-10-08T13:14:53","slug":"les-ventouses","status":"publish","type":"page","link":"https:\/\/medecinechinoisevercors.com\/index.php\/les-ventouses\/","title":{"rendered":"les ventouses"},"content":{"rendered":"\n<p style=\"text-align:left\"><\/p>\n\n\n\n<p><\/p>\n\n\n\n<p><\/p>\n\n\n\n<div class=\"wp-block-media-text alignwide\"><figure class=\"wp-block-media-text__media\"><img fetchpriority=\"high\" decoding=\"async\" width=\"276\" height=\"182\" src=\"http:\/\/medecinechinoisevercors.com\/wp-content\/uploads\/2020\/10\/ventouses-2-2.jpg\" alt=\"\" class=\"wp-image-171\"\/><\/figure><div class=\"wp-block-media-text__content\">\n<p>\n\nJusque dans les ann\u00e9es 1970, l&#8217;emploi des ventouses en Europe \u00e9tait courant, tout particuli\u00e8rement&nbsp;pour soigner les probl\u00e8mes pulmonaires. Puis remplac\u00e9es par la pharmacop\u00e9e occidentale, leur usage a \u00e9t\u00e9 abandonn\u00e9.Les ventouses en MTC, appliqu\u00e9es sur des endroits bien pr\u00e9cis, sont utilis\u00e9es pour lever les blocages, \u00e9vacuer les stases, r\u00e9tablir la circulation du sang et de l&rsquo;\u00e9nergie. En effet, par le vide cr\u00e9e et par un ph\u00e9nom\u00e8ne d&rsquo;aspiration, la ventouse favorise la circulation du sang dans les tissus ou articulation sous-jacents et congestionn\u00e9s. La ventouse contribue ainsi \u00e0 la restauration de la circulation du sang et de l&rsquo;\u00e9nergie. Les ventouses sont traditionnellement en verre, plastique ou encore bambou.\n\n<\/p>\n\n\n\n<p class=\"has-large-font-size\"><\/p>\n<\/div><\/div>\n\n\n\n<div class=\"wp-block-media-text alignwide has-media-on-the-right\"><figure class=\"wp-block-media-text__media\"><img decoding=\"async\" width=\"269\" height=\"187\" src=\"http:\/\/medecinechinoisevercors.com\/wp-content\/uploads\/2020\/10\/ventouses-bambou-1.jpg\" alt=\"\" class=\"wp-image-174\"\/><\/figure><div class=\"wp-block-media-text__content\">\n<p>\n\nElle&nbsp;peut \u00eatre fixe sur un point acupuncture&nbsp;pr\u00e9cis ou utilis\u00e9e de fa\u00e7on mobile&nbsp;en massage\n\n<\/p>\n\n\n\n<p class=\"has-large-font-size\"><\/p>\n<\/div><\/div>\n\n\n\n<div class=\"wp-block-media-text alignwide\"><figure class=\"wp-block-media-text__media\"><img decoding=\"async\" width=\"304\" height=\"166\" src=\"http:\/\/medecinechinoisevercors.com\/wp-content\/uploads\/2020\/10\/ventouses1-1.jpg\" alt=\"\" class=\"wp-image-176\" srcset=\"https:\/\/medecinechinoisevercors.com\/wp-content\/uploads\/2020\/10\/ventouses1-1.jpg 304w, https:\/\/medecinechinoisevercors.com\/wp-content\/uploads\/2020\/10\/ventouses1-1-300x164.jpg 300w\" sizes=\"(max-width: 304px) 100vw, 304px\" \/><\/figure><div class=\"wp-block-media-text__content\">\n<p>\n\nL&rsquo;int\u00e9r\u00eat pour les ventouses est de plus en plus raviv\u00e9. Cette technique de \u00ab&nbsp;grand-m\u00e8re&nbsp;\u00bb retrouve de l&rsquo;int\u00e9r\u00eat car ses effets sont concluants. Les ventouses chinoises font partie de l&rsquo;arsenal th\u00e9rapeutique de la m\u00e9decine traditionnelle chinoise. Elles peuvent \u00eatre utilis\u00e9es au cours d&rsquo;une&nbsp;s\u00e9ance et sont essentiellement employ\u00e9es pour traiter les affections respiratoires ; les coups de froid, les rhumes, les grippes qui sont provoqu\u00e9s ou aggrav\u00e9s par trois \u00e9l\u00e9ments ext\u00e9rieurs&nbsp;: le vent, la pluie et le froid. Les ventouses sont ainsi appliqu\u00e9es sur des points d&rsquo;acupuncture qui correspondent aux organes \u00e0 traiter. Ou bien, les ventouses sont mobilis\u00e9es sur des zones situ\u00e9es le long des m\u00e9ridiens \u00e9nerg\u00e9tiques, tr\u00e8s souvent sur le dos. Pour la m\u00e9decine chinoise, la maladie ou la douleur est un signe de blocage&nbsp;: cela signifie que l&rsquo;\u00e9nergie fondamentale, ne circule plus ou mal. La ventouse&nbsp;mobilise la circulation du sang et, par cons\u00e9quent l&rsquo;\u00e9nergie.\n\n<\/p>\n\n\n\n<p class=\"has-large-font-size\"><\/p>\n<\/div><\/div>\n\n\n\n<p>Leur champ d&rsquo;application d\u00e9passe pourtant largement celui des affections ORL, en \u00e9tant aussi indiqu\u00e9es dans les pathologies articulaires et musculaires tels que les tendinites, les lombalgies, les sciatiques, les rhumatismes, les entorses. Elles vont m\u00eame jusqu&rsquo;\u00e0 soulager certains probl\u00e8mes de peau, tels que l&rsquo;ecz\u00e9ma ou le psoriasis.<\/p>\n","protected":false},"excerpt":{"rendered":"<p>Jusque dans les ann\u00e9es 1970, l&#8217;emploi des ventouses en Europe \u00e9tait courant, tout particuli\u00e8rement&nbsp;pour soigner les probl\u00e8mes pulmonaires. Puis remplac\u00e9es par la pharmacop\u00e9e occidentale, leur usage a \u00e9t\u00e9 abandonn\u00e9.Les ventouses en MTC, appliqu\u00e9es sur des endroits bien pr\u00e9cis, sont utilis\u00e9es pour lever les blocages, \u00e9vacuer les stases, r\u00e9tablir la circulation du sang et de l&rsquo;\u00e9nergie. &hellip; <\/p>\n<p class=\"link-more\"><a href=\"https:\/\/medecinechinoisevercors.com\/index.php\/les-ventouses\/\" class=\"more-link\">Continuer la lecture<span class=\"screen-reader-text\"> de &laquo;&nbsp;les ventouses&nbsp;&raquo;<\/span><\/a><\/p>\n","protected":false},"author":1,"featured_media":0,"parent":0,"menu_order":0,"comment_status":"closed","ping_status":"closed","template":"","meta":{"footnotes":""},"class_list":["post-57","page","type-page","status-publish","hentry"],"jetpack_sharing_enabled":true,"_links":{"self":[{"href":"https:\/\/medecinechinoisevercors.com\/index.php\/wp-json\/wp\/v2\/pages\/57","targetHints":{"allow":["GET"]}}],"collection":[{"href":"https:\/\/medecinechinoisevercors.com\/index.php\/wp-json\/wp\/v2\/pages"}],"about":[{"href":"https:\/\/medecinechinoisevercors.com\/index.php\/wp-json\/wp\/v2\/types\/page"}],"author":[{"embeddable":true,"href":"https:\/\/medecinechinoisevercors.com\/index.php\/wp-json\/wp\/v2\/users\/1"}],"replies":[{"embeddable":true,"href":"https:\/\/medecinechinoisevercors.com\/index.php\/wp-json\/wp\/v2\/comments?post=57"}],"version-history":[{"count":13,"href":"https:\/\/medecinechinoisevercors.com\/index.php\/wp-json\/wp\/v2\/pages\/57\/revisions"}],"predecessor-version":[{"id":177,"href":"https:\/\/medecinechinoisevercors.com\/index.php\/wp-json\/wp\/v2\/pages\/57\/revisions\/177"}],"wp:attachment":[{"href":"https:\/\/medecinechinoisevercors.com\/index.php\/wp-json\/wp\/v2\/media?parent=57"}],"curies":[{"name":"wp","href":"https:\/\/api.w.org\/{rel}","templated":true}]}}