{"id":59,"date":"2020-10-03T16:48:21","date_gmt":"2020-10-03T14:48:21","guid":{"rendered":"http:\/\/medecinechinoisevercors.com\/?page_id=59"},"modified":"2020-10-08T15:00:09","modified_gmt":"2020-10-08T13:00:09","slug":"le-guasha","status":"publish","type":"page","link":"https:\/\/medecinechinoisevercors.com\/index.php\/le-guasha\/","title":{"rendered":"le guasha"},"content":{"rendered":"\n<div class=\"wp-block-media-text alignwide\"><figure class=\"wp-block-media-text__media\"><img fetchpriority=\"high\" decoding=\"async\" width=\"229\" height=\"220\" src=\"http:\/\/medecinechinoisevercors.com\/wp-content\/uploads\/2020\/10\/guasha-2.jpg\" alt=\"\" class=\"wp-image-164\"\/><\/figure><div class=\"wp-block-media-text__content\">\n<p> Le Gua Sha consiste g\u00e9n\u00e9ralement \u00e0 frotter avec un instrument \u00e0 bord lisse la surface de la peau l\u00e0 o\u00f9 r\u00e9side une l\u00e9sion sous cutan\u00e9e ou un d\u00e9s\u00e9quilibre.<br>Lorsque le traitement est efficace, on peut observer un rougissement cutan\u00e9 caract\u00e9ristique, connu sous le nom de\u00a0Sha.<br>Il s\u2019agit d\u2019une r\u00e9ponse favorable, qui procure pour b\u00e9n\u00e9fice imm\u00e9diat et durable de chasser le vent, r\u00e9duire la chaleur et l\u2019inflammation, \u00e9liminer le froid et soulager la douleur, qu\u2019elle soit superficielle ou profonde. <\/p>\n\n\n\n<p class=\"has-large-font-size\"><\/p>\n<\/div><\/div>\n\n\n\n<div class=\"wp-block-media-text alignwide has-media-on-the-right\"><figure class=\"wp-block-media-text__media\"><img decoding=\"async\" src=\"http:\/\/medecinechinoisevercors.com\/wp-content\/uploads\/2020\/10\/IMAGE-GUASHA-1-800x1024.jpg\" alt=\"\" class=\"wp-image-165\"\/><\/figure><div class=\"wp-block-media-text__content\">\n<p> Le Gua Sha\u00a0est utilis\u00e9 pour traiter de nombreux probl\u00e8mes de sant\u00e9 aigus et chroniques, aussi vari\u00e9s que rhume, grippe, fi\u00e8vre, mal de t\u00eate, indigestion, vertiges, blessure, douleur articulaire, fibromyalgie et \u00ab\u00a0coup de chaleur\u00a0\u00bb.<br>On le pratique aussi de mani\u00e8re courante pour rel\u00e2cher les tensions et douleurs musculaires, soulager la lassitude et la fatigue.<br>On peut recourir \u00e0 l\u2019action d\u2019effleurement de\u00a0Gua Sha\u00a0sur les points d\u2019acupuncture et les m\u00e9ridiens comme m\u00e9thode d\u2019am\u00e9lioration de la sant\u00e9. <\/p>\n\n\n\n<p class=\"has-large-font-size\"><\/p>\n<\/div><\/div>\n","protected":false},"excerpt":{"rendered":"<p>Le Gua Sha consiste g\u00e9n\u00e9ralement \u00e0 frotter avec un instrument \u00e0 bord lisse la surface de la peau l\u00e0 o\u00f9 r\u00e9side une l\u00e9sion sous cutan\u00e9e ou un d\u00e9s\u00e9quilibre.Lorsque le traitement est efficace, on peut observer un rougissement cutan\u00e9 caract\u00e9ristique, connu sous le nom de\u00a0Sha.Il s\u2019agit d\u2019une r\u00e9ponse favorable, qui procure pour b\u00e9n\u00e9fice imm\u00e9diat et durable &hellip; <\/p>\n<p class=\"link-more\"><a href=\"https:\/\/medecinechinoisevercors.com\/index.php\/le-guasha\/\" class=\"more-link\">Continuer la lecture<span class=\"screen-reader-text\"> de &laquo;&nbsp;le guasha&nbsp;&raquo;<\/span><\/a><\/p>\n","protected":false},"author":1,"featured_media":0,"parent":0,"menu_order":0,"comment_status":"closed","ping_status":"closed","template":"","meta":{"footnotes":""},"class_list":["post-59","page","type-page","status-publish","hentry"],"jetpack_sharing_enabled":true,"_links":{"self":[{"href":"https:\/\/medecinechinoisevercors.com\/index.php\/wp-json\/wp\/v2\/pages\/59","targetHints":{"allow":["GET"]}}],"collection":[{"href":"https:\/\/medecinechinoisevercors.com\/index.php\/wp-json\/wp\/v2\/pages"}],"about":[{"href":"https:\/\/medecinechinoisevercors.com\/index.php\/wp-json\/wp\/v2\/types\/page"}],"author":[{"embeddable":true,"href":"https:\/\/medecinechinoisevercors.com\/index.php\/wp-json\/wp\/v2\/users\/1"}],"replies":[{"embeddable":true,"href":"https:\/\/medecinechinoisevercors.com\/index.php\/wp-json\/wp\/v2\/comments?post=59"}],"version-history":[{"count":6,"href":"https:\/\/medecinechinoisevercors.com\/index.php\/wp-json\/wp\/v2\/pages\/59\/revisions"}],"predecessor-version":[{"id":167,"href":"https:\/\/medecinechinoisevercors.com\/index.php\/wp-json\/wp\/v2\/pages\/59\/revisions\/167"}],"wp:attachment":[{"href":"https:\/\/medecinechinoisevercors.com\/index.php\/wp-json\/wp\/v2\/media?parent=59"}],"curies":[{"name":"wp","href":"https:\/\/api.w.org\/{rel}","templated":true}]}}