{"id":61,"date":"2020-10-03T16:48:52","date_gmt":"2020-10-03T14:48:52","guid":{"rendered":"http:\/\/medecinechinoisevercors.com\/?page_id=61"},"modified":"2020-10-08T15:20:13","modified_gmt":"2020-10-08T13:20:13","slug":"la-moxibustion","status":"publish","type":"page","link":"https:\/\/medecinechinoisevercors.com\/index.php\/la-moxibustion\/","title":{"rendered":"la moxibustion"},"content":{"rendered":"\n<div class=\"wp-block-media-text alignwide\"><figure class=\"wp-block-media-text__media\"><img fetchpriority=\"high\" decoding=\"async\" width=\"300\" height=\"200\" src=\"http:\/\/medecinechinoisevercors.com\/wp-content\/uploads\/2020\/10\/image-moxa.png\" alt=\"\" class=\"wp-image-178\"\/><\/figure><div class=\"wp-block-media-text__content\">\n<p>\n\nLa moxibustion est&nbsp;une m\u00e9thode de soin utilis\u00e9e en M\u00e9decine Traditionnelle chinoise et fait r\u00e9f\u00e9rence \u00e0 l&rsquo;\u00e9l\u00e9ment Feu dans la Th\u00e9orie des 5 \u00e9l\u00e9ments. On utilise le moxibustion, \u00e0 savoir la chaleur, sur une zone sp\u00e9cifique du corps pour&nbsp;r\u00e9\u00e9quilibrer un dysfonctionnement \u00e9nerg\u00e9tique. Si cette technique est encore peu connue chez nous, le principe de soin par la chaleur n&rsquo;a pourtant rien de nouveau. Nous connaissons tous les bouillottes, les cataplasmes, les infra-rouges&#8230;\n\n<\/p>\n\n\n\n<p class=\"has-large-font-size\"><\/p>\n<\/div><\/div>\n\n\n\n<div class=\"wp-block-media-text alignwide has-media-on-the-right\"><figure class=\"wp-block-media-text__media\"><img decoding=\"async\" width=\"600\" height=\"600\" src=\"http:\/\/medecinechinoisevercors.com\/wp-content\/uploads\/2020\/10\/moxa-3.jpg\" alt=\"\" class=\"wp-image-179\" srcset=\"https:\/\/medecinechinoisevercors.com\/wp-content\/uploads\/2020\/10\/moxa-3.jpg 600w, https:\/\/medecinechinoisevercors.com\/wp-content\/uploads\/2020\/10\/moxa-3-250x250.jpg 250w, https:\/\/medecinechinoisevercors.com\/wp-content\/uploads\/2020\/10\/moxa-3-100x100.jpg 100w, https:\/\/medecinechinoisevercors.com\/wp-content\/uploads\/2020\/10\/moxa-3-350x350.jpg 350w, https:\/\/medecinechinoisevercors.com\/wp-content\/uploads\/2020\/10\/moxa-3-150x150.jpg 150w, https:\/\/medecinechinoisevercors.com\/wp-content\/uploads\/2020\/10\/moxa-3-300x300.jpg 300w\" sizes=\"(max-width: 600px) 100vw, 600px\" \/><\/figure><div class=\"wp-block-media-text__content\">\n<p>Mais, plut\u00f4t que d&rsquo;appliquer la chaleur sur une zone large du corps, la moxibustion la concentre sur un point d&rsquo;acupuncture pr\u00e9cis, correspondant \u00e0 une fonction ou organe du corps. Les moxas&nbsp;ont des propri\u00e9t\u00e9s&nbsp;chauffantes et ass\u00e9chantes. Les r\u00e9actions physiologiques \u00e0 la chaleur des moxas entrainent en outre une augmentation de l&rsquo;immunit\u00e9 g\u00e9n\u00e9rale de l&rsquo;organisme.<\/p>\n\n\n\n<p>Le moxa traditionnel est compos\u00e9 d&rsquo;armoise&nbsp;(plante) s\u00e9ch\u00e9e et broy\u00e9e. Le terme \u00ab&nbsp;moxa&nbsp;\u00bb vient d&rsquo;ailleurs du japonais \u00ab&nbsp;Mogusa&nbsp;\u00bb qui d\u00e9signe cette plante<\/p>\n\n\n\n<p class=\"has-large-font-size\"><\/p>\n<\/div><\/div>\n\n\n<p>\u00a0<\/p>\n<p>\u00a0<\/p>","protected":false},"excerpt":{"rendered":"<p>La moxibustion est&nbsp;une m\u00e9thode de soin utilis\u00e9e en M\u00e9decine Traditionnelle chinoise et fait r\u00e9f\u00e9rence \u00e0 l&rsquo;\u00e9l\u00e9ment Feu dans la Th\u00e9orie des 5 \u00e9l\u00e9ments. On utilise le moxibustion, \u00e0 savoir la chaleur, sur une zone sp\u00e9cifique du corps pour&nbsp;r\u00e9\u00e9quilibrer un dysfonctionnement \u00e9nerg\u00e9tique. Si cette technique est encore peu connue chez nous, le principe de soin par &hellip; <\/p>\n<p class=\"link-more\"><a href=\"https:\/\/medecinechinoisevercors.com\/index.php\/la-moxibustion\/\" class=\"more-link\">Continuer la lecture<span class=\"screen-reader-text\"> de &laquo;&nbsp;la moxibustion&nbsp;&raquo;<\/span><\/a><\/p>\n","protected":false},"author":1,"featured_media":0,"parent":0,"menu_order":0,"comment_status":"closed","ping_status":"closed","template":"","meta":{"footnotes":""},"class_list":["post-61","page","type-page","status-publish","hentry"],"jetpack_sharing_enabled":true,"_links":{"self":[{"href":"https:\/\/medecinechinoisevercors.com\/index.php\/wp-json\/wp\/v2\/pages\/61","targetHints":{"allow":["GET"]}}],"collection":[{"href":"https:\/\/medecinechinoisevercors.com\/index.php\/wp-json\/wp\/v2\/pages"}],"about":[{"href":"https:\/\/medecinechinoisevercors.com\/index.php\/wp-json\/wp\/v2\/types\/page"}],"author":[{"embeddable":true,"href":"https:\/\/medecinechinoisevercors.com\/index.php\/wp-json\/wp\/v2\/users\/1"}],"replies":[{"embeddable":true,"href":"https:\/\/medecinechinoisevercors.com\/index.php\/wp-json\/wp\/v2\/comments?post=61"}],"version-history":[{"count":5,"href":"https:\/\/medecinechinoisevercors.com\/index.php\/wp-json\/wp\/v2\/pages\/61\/revisions"}],"predecessor-version":[{"id":180,"href":"https:\/\/medecinechinoisevercors.com\/index.php\/wp-json\/wp\/v2\/pages\/61\/revisions\/180"}],"wp:attachment":[{"href":"https:\/\/medecinechinoisevercors.com\/index.php\/wp-json\/wp\/v2\/media?parent=61"}],"curies":[{"name":"wp","href":"https:\/\/api.w.org\/{rel}","templated":true}]}}