{"id":814,"date":"2025-01-18T17:43:15","date_gmt":"2025-01-18T16:43:15","guid":{"rendered":"http:\/\/medecinechinoisevercors.com\/?page_id=814"},"modified":"2025-12-02T14:15:15","modified_gmt":"2025-12-02T13:15:15","slug":"lherboristerie","status":"publish","type":"page","link":"https:\/\/medecinechinoisevercors.com\/index.php\/lherboristerie\/","title":{"rendered":"L\u2019herboristerie"},"content":{"rendered":"\n<figure class=\"wp-block-gallery has-nested-images columns-default is-cropped wp-block-gallery-1 is-layout-flex wp-block-gallery-is-layout-flex\">\n<figure class=\"wp-block-image size-large is-style-default\"><img fetchpriority=\"high\" decoding=\"async\" width=\"1024\" height=\"1024\" data-id=\"1272\" src=\"https:\/\/medecinechinoisevercors.com\/wp-content\/uploads\/2025\/11\/Votre-texte-de-paragraphe4-1024x1024.png\" alt=\"\" class=\"wp-image-1272\" srcset=\"https:\/\/medecinechinoisevercors.com\/wp-content\/uploads\/2025\/11\/Votre-texte-de-paragraphe4-1024x1024.png 1024w, https:\/\/medecinechinoisevercors.com\/wp-content\/uploads\/2025\/11\/Votre-texte-de-paragraphe4-300x300.png 300w, https:\/\/medecinechinoisevercors.com\/wp-content\/uploads\/2025\/11\/Votre-texte-de-paragraphe4-150x150.png 150w, https:\/\/medecinechinoisevercors.com\/wp-content\/uploads\/2025\/11\/Votre-texte-de-paragraphe4-768x768.png 768w, https:\/\/medecinechinoisevercors.com\/wp-content\/uploads\/2025\/11\/Votre-texte-de-paragraphe4-100x100.png 100w, https:\/\/medecinechinoisevercors.com\/wp-content\/uploads\/2025\/11\/Votre-texte-de-paragraphe4-1320x1320.png 1320w, https:\/\/medecinechinoisevercors.com\/wp-content\/uploads\/2025\/11\/Votre-texte-de-paragraphe4-250x250.png 250w, https:\/\/medecinechinoisevercors.com\/wp-content\/uploads\/2025\/11\/Votre-texte-de-paragraphe4-350x350.png 350w, https:\/\/medecinechinoisevercors.com\/wp-content\/uploads\/2025\/11\/Votre-texte-de-paragraphe4.png 1500w\" sizes=\"(max-width: 767px) 89vw, (max-width: 1000px) 54vw, (max-width: 1071px) 543px, 580px\" \/><\/figure>\n<\/figure>\n\n\n\n<div class=\"wp-block-buttons is-content-justification-center is-layout-flex wp-container-core-buttons-is-layout-16018d1d wp-block-buttons-is-layout-flex\">\n<div class=\"wp-block-button has-custom-width wp-block-button__width-75\"><a class=\"wp-block-button__link has-vivid-green-cyan-background-color has-background wp-element-button\" href=\"https:\/\/user.clicrdv.com\/goetschy-celine-medecine-chinoise\">PRENDRE RDV<\/a><\/div>\n<\/div>\n\n\n\n<p><\/p>\n\n\n\n<p>L\u2019herboristerie est bien plus que la simple utilisation de plantes. L\u2019herboristerie est l\u2019art de cr\u00e9er une synergie entre la plante, le corps et l\u2019esprit. Choisir les bonnes plantes pour chaque personne, les pr\u00e9parer de mani\u00e8re ad\u00e9quate et choisir le bon mode d\u2019utilisation et les bons dosages sont certains des aspects essentiels de cette pratique mill\u00e9naire. Dans cet article, nous plongeons dans ce qui fait des plantes des alli\u00e9es efficaces.<\/p>\n\n\n\n<h2 class=\"wp-block-heading has-vivid-green-cyan-color has-text-color has-link-color wp-elements-5fcf8405a29a28c8c4c5f8d1b73324a5\" id=\"el_1615990199566_95\">Choix de la plante<\/h2>\n\n\n\n<p>Chaque plante poss\u00e8de ses propres caract\u00e9ristiques \u00e9nerg\u00e9tiques et th\u00e9rapeutiques. Chacune est unique et a sa propre mani\u00e8re d\u2019agir. Lorsque l\u2019on s\u00e9lectionne une plante, nous devons tenir compte de la personne qui la recevra, de la probl\u00e9matique ou des d\u00e9s\u00e9quilibres en jeu, du contexte dans lequel la plante sera utilis\u00e9e et des propri\u00e9t\u00e9s m\u00e9dicinales et aspects \u00e9nerg\u00e9tiques associ\u00e9s \u00e0 la plante. Le lien entre le \u00ab\u2009terrain\u2009\u00bb de la personne et l\u2019\u00e9nerg\u00e9tique de la plante sera consid\u00e9r\u00e9 pour assurer l\u2019\u00e9quilibre \u00e9nerg\u00e9tique. Par exemple, si le terrain de la personne est humide et chaud, nous prioriserons des plantes rafra\u00eechissantes et ass\u00e9chantes pour r\u00e9tablir l\u2019harmonie. En s\u00e9lectionnant diff\u00e9rentes plantes pour une personne, nous tiendrons compte \u00e9galement de la synergie entre ces plantes. La formulation est un art! En herboristerie, tout est une question d\u2019harmonie et de synergie entre les plantes et la personne.<\/p>\n\n\n\n<p>En outre, il faudra \u00e9galement s\u2019assurer de travailler avec la bonne plante (l\u2019esp\u00e8ce) en v\u00e9rifiant les noms latins des plantes sur les produits achet\u00e9s et en s\u2019assurant d\u2019acheter des produits d\u2019herboristerie aupr\u00e8s de fabricants et fournisseurs de confiance. Il est \u00e9galement important de bien identifier les plantes lors de nos cueillettes, en utilisant un guide d\u2019identification fiable. Par exemple, l\u2019<em>Eupatorium perfoliatum<\/em> et l\u2019<em>Eupatorium purpureum<\/em> n\u2019ont pas les m\u00eames usages m\u00e9dicinaux. Certaines plantes, de plus, ont des \u00ab\u2009cousines toxiques\u2009\u00bb qui peuvent leur ressembler. C\u2019est pourquoi une identification pr\u00e9cise des plantes est essentielle.<\/p>\n\n\n\n<p>Finalement, il convient de bien v\u00e9rifier que les plantes choisies sont s\u00e9curitaires pour la personne, en prenant soin de v\u00e9rifier les contre-indications et les interactions avec la m\u00e9dication. Il sera important, de plus, de v\u00e9rifier le potentiel de toxicit\u00e9 des plantes s\u00e9lectionn\u00e9es et de s\u2019attarder aux combinaisons de plantes dans une formule. Certaines plantes peuvent avoir des effets contradictoires (ex. : val\u00e9riane et Cayenne). Puis, certains conflits peuvent exister entre les plantes et certains aliments de la di\u00e8te. Par exemple, la consommation concomitante de ginseng et de caf\u00e9 donne des palpitations.<\/p>\n\n\n\n<h2 class=\"wp-block-heading has-vivid-green-cyan-color has-text-color has-link-color wp-elements-ec52e58767103856c904a11f0da5b3f6\" id=\"el_1617190461538_15\">Cueillir au bon moment<\/h2>\n\n\n\n<p>Chaque partie de la plante poss\u00e8de son moment optimal de r\u00e9colte. Par exemple, les racines sont souvent cueillies en automne lorsque l\u2019\u00e9nergie et les constituants de la plante se concentrent dans celles-ci. De m\u00eame, les feuilles sont g\u00e9n\u00e9ralement r\u00e9colt\u00e9es avant l\u2019apparition des fleurs au printemps, pour garantir leur concentration maximale en principes actifs. Pour que les plantes m\u00e9dicinales soient efficaces, il faut s\u2019assurer qu\u2019elles ont \u00e9t\u00e9 cueillies au bon moment, au bon stade de croissance et \u00e0 la bonne saison. De plus, nous nous assurerons que les plantes ne sont pas arros\u00e9es de pesticides ou d\u2019herbicides. La contamination des plantes nuira \u00e0 leurs effets th\u00e9rapeutiques et \u00e0 la sant\u00e9.<\/p>\n\n\n\n<h2 class=\"wp-block-heading has-vivid-green-cyan-color has-text-color has-link-color wp-elements-3f3e0b05f007d14cd947d8e6cc521ced\" id=\"el_1712939611620_945\">S\u00e9chage ad\u00e9quat<\/h2>\n\n\n\n<p>Un s\u00e9chage inappropri\u00e9 peut alt\u00e9rer les propri\u00e9t\u00e9s m\u00e9dicinales des plantes. Un s\u00e9chage r\u00e9alis\u00e9 \u00e0 l\u2019abri de la lumi\u00e8re dans un lieu assez sec et chaud (sans \u00eatre trop chaud) est recommand\u00e9 pour pr\u00e9server au mieux les compos\u00e9s actifs des plantes. Une fois s\u00e9ch\u00e9es, les plantes devraient demeurer aromatiques (si elles contiennent des huiles essentielles) et devraient conserver&nbsp;leur couleur. Les plantes mises en sachets de th\u00e9 et en capsules, achet\u00e9es en magasin, sont souvent inefficaces, puisqu\u2019elles sont vieilles et mal s\u00e9ch\u00e9es. Il convient donc de bien choisir ses plantes lors de l\u2019achat.<\/p>\n\n\n\n<h2 class=\"wp-block-heading has-vivid-green-cyan-color has-text-color has-link-color wp-elements-04cfd8d2058905b94027cd5dfebbc0e8\" id=\"el_1712940278932_1163\">Utilisation de la bonne partie de la plante<\/h2>\n\n\n\n<p>Il est important d\u2019utiliser la partie appropri\u00e9e de la plante pour obtenir les effets d\u00e9sir\u00e9s. Que ce soient les feuilles, les fleurs, les racines ou les graines, chaque partie poss\u00e8de des vertus distinctes. Par exemple, la feuille d\u2019ortie sera choisie pour son apport en min\u00e9raux, tandis que ses graines seront utilis\u00e9es pour soutenir les reins et ses racines pour soutenir la prostate. De plus, il conviendra de s\u2019assurer d\u2019utiliser la bonne partie, dans certains cas, pour assurer une prise s\u00e9curitaire. Chez certaines plantes, des parties sont s\u00e9curitaires \u00e0 consommer, alors que d\u2019autres sont toxiques. Par exemple, nous utilisons la racine du sceau de Salomon, alors que ses autres parties sont toxiques.<\/p>\n\n\n\n<p class=\"has-light-green-cyan-color has-text-color has-link-color has-medium-font-size wp-elements-1a7b15e4d44f79744af5872f9b5e723c\">Le bon choix de pr\u00e9paration&nbsp;<\/p>\n\n\n\n<p>Les diff\u00e9rentes m\u00e9thodes de pr\u00e9paration, comme les teintures, les infusions\/d\u00e9coctions, les capsules ou les glyc\u00e9r\u00e9s, peuvent influencer l\u2019extraction et la biodisponibilit\u00e9 des compos\u00e9s actifs. Les teintures sont m\u00e9tabolis\u00e9es diff\u00e9remment des infusions dans notre corps, par exemple. Il faudra donc baser notre choix de pr\u00e9paration sur ce que nous souhaitons aborder. Par exemple, les infusions seraient prioris\u00e9es pour aborder les reflux gastriques, mais il pourrait \u00eatre souhaitable de travailler avec des plantes en teinture lors de douleurs aigu\u00ebs, puisque les teintures agissent plus rapidement en passant dans la circulation sanguine.&nbsp;<\/p>\n\n\n\n<p>De plus, les diff\u00e9rents solvants viendront extraire des compos\u00e9s diff\u00e9rents. L\u2019eau et l\u2019alcool extraient des composants diff\u00e9rents, par exemple. Le pourcentage d\u2019alcool utilis\u00e9 dans la teinture (ex. 40 % ou 94 %) aura \u00e9galement un impact sur la concentration de certains compos\u00e9s dans le produit et sur la posologie. Le ratio plante\/alcool dans les teintures sera aussi \u00e0 consid\u00e9rer.&nbsp;<\/p>\n\n\n\n<p>Il est important de choisir le type de pr\u00e9paration la mieux adapt\u00e9e \u00e0 chaque plante et \u00e0 chaque situation. Par exemple, certaines plantes seront int\u00e9ressantes en capsules, comme la val\u00e9riane, et d\u2019autres pas du tout. De plus, il faut s\u2019assurer de bien r\u00e9aliser nos pr\u00e9parations. Un temps d\u2019infusion inad\u00e9quat, par exemple, pourrait compromettre l\u2019efficacit\u00e9 des plantes utilis\u00e9es.<\/p>\n\n\n\n<p>Finalement, il faudra tenir compte de ce qui convient \u00e0 la personne. Pr\u00e9parer des infusions peut \u00eatre plus long et moins pratique que de consommer des plantes en teinture, par exemple. Pour qu\u2019une plante soit efficace, encore faut-il que la personne la prenne!<\/p>\n\n\n\n<h2 class=\"wp-block-heading has-vivid-green-cyan-color has-text-color has-link-color wp-elements-b67857cd09279acdbea35697c60b9126\" id=\"el_1712938851160_699\">Utilisation de la plante fra\u00eeche ou s\u00e9ch\u00e9e<\/h2>\n\n\n\n<p>Certaines plantes sont plus efficaces lorsqu\u2019elles sont utilis\u00e9es fra\u00eeches, tandis que d\u2019autres conservent leurs propri\u00e9t\u00e9s m\u00e9dicinales m\u00eame apr\u00e8s s\u00e9chage. Il est crucial de conna\u00eetre les sp\u00e9cificit\u00e9s de chaque plante pour en tirer une efficacit\u00e9 optimale.<\/p>\n\n\n\n<h2 class=\"wp-block-heading has-vivid-green-cyan-color has-text-color has-link-color wp-elements-6c924c9ad300628539af9ce06afa92d5\" id=\"el_1712941057290_1474\">Bon dosage, fr\u00e9quence de la prise et dur\u00e9e de l\u2019utilisation<\/h2>\n\n\n\n<p>Le dosage appropri\u00e9 varie en fonction de divers facteurs comme le poids, l\u2019\u00e2ge, la sensibilit\u00e9 individuelle et la condition de sant\u00e9 de la personne. La fr\u00e9quence des prises, elle, peut varier selon que l\u2019on aborde une condition aigu\u00eb ou chronique. Des dosages rapproch\u00e9s (ex. : aux deux heures) sont g\u00e9n\u00e9ralement n\u00e9cessaires en situation aigu\u00eb, par exemple. Certaines plantes s\u2019utilisent \u00e0 long terme, alors que d\u2019autres ne s\u2019utilisent qu\u2019\u00e0 tr\u00e8s court terme. De la m\u00eame fa\u00e7on, certaines plantes s\u2019utilisent en gros dosages, alors que d\u2019autres s\u2019utilisent en dosages quasi hom\u00e9opathiques (ex. : quelques gouttes).<\/p>\n\n\n\n<p>Pour assurer que les plantes soient efficaces, il faudra \u00e9galement se demander quand il sera id\u00e9al pour la personne de les consommer. Par exemple, une plante pourrait n\u00e9cessiter au moins 3 doses par jour pour \u00eatre efficace. La plupart des plantes demandent 2 doses et plus par jour pour qu\u2019elles demeurent actives dans notre organisme et qu\u2019elles agissent efficacement. De plus, certaines plantes fonctionnent par principe d\u2019accumulation. C\u2019est donc par l\u2019utilisation cumul\u00e9e de ces plantes que nous verrons des r\u00e9sultats. Je pense \u00e0 l\u2019ortie par exemple. Avec d\u2019autres plantes, nous voudrons \u00e9viter l\u2019accumulation des compos\u00e9s et l\u2019usage prolong\u00e9. Parfois, des pauses sont n\u00e9cessaires, avec certaines plantes, pour assurer une efficacit\u00e9 ou un usage s\u00e9curitaire.<\/p>\n\n\n\n<p>Certaines plantes ne seront utilis\u00e9es qu\u2019en usage symptomatique et qu\u2019\u00e0 des moments pr\u00e9cis de la journ\u00e9e. Par exemple, une plante plus stimulante comme l\u2019\u00e9leuth\u00e9rocoque pourrait n\u2019\u00eatre recommand\u00e9e que le matin, pour aider \u00e0 renflouer l\u2019\u00e9nergie en d\u00e9but de journ\u00e9e. Prise le soir, cette plante peut \u00eatre trop stimulante et ne pas convenir. De m\u00eame, une plante am\u00e8re devrait \u00eatre prise avant les repas, pour stimuler la digestion. Certaines plantes anxiolytiques conviendraient en usage symptomatique, par exemple, lors de mont\u00e9es d\u2019anxi\u00e9t\u00e9. D\u2019autres plantes plus toniques seraient utilis\u00e9es \u00e0 moyen ou long terme. Il convient donc de savoir si nous voulons stimuler une fonction dans l\u2019organisme ou tonifier un syst\u00e8me ou un organe, lorsque nous \u00e9tablissons la dur\u00e9e d\u2019utilisation d\u2019une plante. Il est \u00e9galement important de noter que certaines plantes peuvent perdre leur efficacit\u00e9 apr\u00e8s une utilisation prolong\u00e9e, car une accoutumance peut se d\u00e9velopper. C\u2019est \u00e9galement \u00e0 prendre en consid\u00e9ration, parfois. De plus, dans certains cas, une prise de plante trop courte peut s\u2019av\u00e9rer inefficace. Par exemple, prendre des plantes pendant seulement deux semaines pour aborder l\u2019ecz\u00e9ma. Certaines probl\u00e9matiques n\u00e9cessitent du temps pour \u00eatre abord\u00e9es et pour que des r\u00e9sultats soient observ\u00e9s.<\/p>\n\n\n\n<p>Avec les teintures d\u2019alcool, nous voudrons d\u00e9terminer une posologie efficace en \u00e9vitant de donner une quantit\u00e9 \u00e9lev\u00e9e d\u2019alcool inutilement. Le dosage des teintures d\u00e9pendra aussi du ratio plante:alcool dans la pr\u00e9paration. Par exemple, un ratio de 1:2 signifie qu\u2019il y a 1 g de plantes pour 2 ml de solvant ou d\u2019alcool dans notre pr\u00e9paration.<\/p>\n\n\n\n<p>Finalement, le bon dosage, la fr\u00e9quence de ce dosage et la dur\u00e9e de la prise d\u00e9pendront de la personne, du contexte et de nos intentions.<\/p>\n\n\n\n<h2 class=\"wp-block-heading has-vivid-green-cyan-color has-text-color has-link-color wp-elements-9921bf66c96b1f22d816766308def9b7\" id=\"el_1713187578644_393\">Les limites de l\u2019herboristerie<\/h2>\n\n\n\n<p>Malgr\u00e9 leurs nombreuses vertus th\u00e9rapeutiques, il est important de reconna\u00eetre que les plantes ont parfois leurs limites. Bien qu\u2019elles puissent apporter un soutien significatif \u00e0 la sant\u00e9 et au bien-\u00eatre, il est essentiel de comprendre qu\u2019elles ne sont pas toujours la solution unique ou d\u00e9finitive \u00e0 tous les probl\u00e8mes de sant\u00e9. Dans certains cas, d\u2019autres interventions sont n\u00e9cessaires pour assurer la sant\u00e9. De plus, chaque individu r\u00e9agit diff\u00e9remment aux plantes. Ce qui fonctionne pour une personne peut ne pas \u00eatre aussi efficace pour une autre.<\/p>\n\n\n\n<p>En ce qui concerne les plantes, je pr\u00e9f\u00e8re utiliser les plantes de la pharmacop\u00e9e occidentale ancestrale plut\u00f4t que les plantes de la pharmacop\u00e9e chinoise.<\/p>\n\n\n\n<figure class=\"wp-block-image\"><img decoding=\"async\" src=\"https:\/\/medecinechinoisevercors.com\/wp-content\/uploads\/2022\/08\/2022-05-28T16_10_1902_00-768x1024.jpeg\" alt=\"\"\/><\/figure>\n\n\n\n<p>En effet, un des principes des \u00ab&nbsp;m\u00e9decines ancestrales&nbsp;\u00bb est d\u2019utiliser ce que l\u2019on a autour de nous (que ce soit nourriture ou plantes) pour se soigner.<\/p>\n\n\n\n<p class=\"has-light-green-cyan-color has-text-color has-link-color wp-elements-da0d5c4d0499f56f7987f536924ac50e\"><em>Important : Ma pratique ne se substitue pas aux pratiques de la m\u00e9decine et la pharmacie conventionnelle. Je ne suis ni m\u00e9decin, ni pharmacie<\/em>n<\/p>\n","protected":false},"excerpt":{"rendered":"<p>L\u2019herboristerie est bien plus que la simple utilisation de plantes. L\u2019herboristerie est l\u2019art de cr\u00e9er une synergie entre la plante, le corps et l\u2019esprit. Choisir les bonnes plantes pour chaque personne, les pr\u00e9parer de mani\u00e8re ad\u00e9quate et choisir le bon mode d\u2019utilisation et les bons dosages sont certains des aspects essentiels de cette pratique mill\u00e9naire. &hellip; <\/p>\n<p class=\"link-more\"><a href=\"https:\/\/medecinechinoisevercors.com\/index.php\/lherboristerie\/\" class=\"more-link\">Continuer la lecture<span class=\"screen-reader-text\"> de &laquo;&nbsp;L\u2019herboristerie&nbsp;&raquo;<\/span><\/a><\/p>\n","protected":false},"author":1,"featured_media":0,"parent":0,"menu_order":0,"comment_status":"closed","ping_status":"closed","template":"","meta":{"footnotes":""},"class_list":["post-814","page","type-page","status-publish","hentry"],"jetpack_sharing_enabled":true,"_links":{"self":[{"href":"https:\/\/medecinechinoisevercors.com\/index.php\/wp-json\/wp\/v2\/pages\/814","targetHints":{"allow":["GET"]}}],"collection":[{"href":"https:\/\/medecinechinoisevercors.com\/index.php\/wp-json\/wp\/v2\/pages"}],"about":[{"href":"https:\/\/medecinechinoisevercors.com\/index.php\/wp-json\/wp\/v2\/types\/page"}],"author":[{"embeddable":true,"href":"https:\/\/medecinechinoisevercors.com\/index.php\/wp-json\/wp\/v2\/users\/1"}],"replies":[{"embeddable":true,"href":"https:\/\/medecinechinoisevercors.com\/index.php\/wp-json\/wp\/v2\/comments?post=814"}],"version-history":[{"count":11,"href":"https:\/\/medecinechinoisevercors.com\/index.php\/wp-json\/wp\/v2\/pages\/814\/revisions"}],"predecessor-version":[{"id":1424,"href":"https:\/\/medecinechinoisevercors.com\/index.php\/wp-json\/wp\/v2\/pages\/814\/revisions\/1424"}],"wp:attachment":[{"href":"https:\/\/medecinechinoisevercors.com\/index.php\/wp-json\/wp\/v2\/media?parent=814"}],"curies":[{"name":"wp","href":"https:\/\/api.w.org\/{rel}","templated":true}]}}