{"id":825,"date":"2025-01-18T18:41:00","date_gmt":"2025-01-18T17:41:00","guid":{"rendered":"http:\/\/medecinechinoisevercors.com\/?page_id=825"},"modified":"2025-12-12T10:07:29","modified_gmt":"2025-12-12T09:07:29","slug":"la-propolis","status":"publish","type":"page","link":"https:\/\/medecinechinoisevercors.com\/index.php\/la-propolis\/","title":{"rendered":"La propolis"},"content":{"rendered":"\n<figure class=\"wp-block-image size-large\"><img fetchpriority=\"high\" decoding=\"async\" width=\"768\" height=\"1024\" src=\"http:\/\/medecinechinoisevercors.com\/wp-content\/uploads\/2025\/01\/propolis-768x1024.jpg\" alt=\"\" class=\"wp-image-853\" srcset=\"https:\/\/medecinechinoisevercors.com\/wp-content\/uploads\/2025\/01\/propolis-768x1024.jpg 768w, https:\/\/medecinechinoisevercors.com\/wp-content\/uploads\/2025\/01\/propolis-350x467.jpg 350w, https:\/\/medecinechinoisevercors.com\/wp-content\/uploads\/2025\/01\/propolis-225x300.jpg 225w, https:\/\/medecinechinoisevercors.com\/wp-content\/uploads\/2025\/01\/propolis-1152x1536.jpg 1152w, https:\/\/medecinechinoisevercors.com\/wp-content\/uploads\/2025\/01\/propolis-1200x1600.jpg 1200w, https:\/\/medecinechinoisevercors.com\/wp-content\/uploads\/2025\/01\/propolis.jpg 1530w\" sizes=\"(max-width: 767px) 89vw, (max-width: 1000px) 54vw, (max-width: 1071px) 543px, 580px\" \/><\/figure>\n\n\n\n<p><br>L&rsquo;abeille fabrique la propolis \u00e0 partir de substances r\u00e9sineuses, gommeuses des bourgeons, des<br>\u00e9corces, des tiges et des feuilles de certains arbres.<br>Elles l&rsquo;utilisent pour :<br>\u2013 colmater les fissures et les trous dans la ruche<br>\u2013 enduire les alv\u00e9oles et les rayons pour son effet antiseptique et bact\u00e9ricide<br>\u2013 embaumer les cadavres de petits animaux qui seraient rentr\u00e9s dans la ruche (fonction antiseptique et conservation)<\/p>\n\n\n\n<p><br>Sans nuire \u00e0 la colonie, l&rsquo;apiculteur peut pr\u00e9lever de 300 \u00e0 500g par ruche par an.<\/p>\n\n\n\n<p><br>Propri\u00e9t\u00e9 de la propolis :<br>anti-microbienne, bact\u00e9ricide, anti-fongique (mycoses), anti-protozoaires (trichomonas des<br>vaginites), antivirale, antibiotique (par antibiogramme compar\u00e9, il a \u00e9t\u00e9 remarqu\u00e9 que les germes<br>pathog\u00e8nes pr\u00e9sentent \u00e0 peu pr\u00e8s la m\u00eame sensibilit\u00e9 \u00e0 la propolis qu&rsquo;aux principaux antibiotiques,<br>tels que la p\u00e9nicilline, la streptomycine, la terramycine et le chloramph\u00e9nicol). Elle a une affinit\u00e9<br>pour la sph\u00e8re ORL et est utilis\u00e9e en stomatologie et gastro-ent\u00e9rologie.<br>Elle aurait une action anti-carcinog\u00e9n\u00e9tique.<br>Elle r\u00e9g\u00e9n\u00e8re les tissus des cellules, renforce les d\u00e9fenses immunitaires, lutte contre le<br>vieillissement de la peau, prot\u00e8ge contre les irradiations, calme les douleurs locales.<br>Elle a un effet sur l&rsquo;hypertension, r\u00e9duit les c\u00e9phal\u00e9es, les palpitations, les vertiges.<br>Elle aide \u00e0 lutter contre la d\u00e9pression, la tristesse, la m\u00e9lancolie.<br>Elle diminue le d\u00e9sir de fumer et de boire de l&rsquo;alcool.<br><\/p>\n\n\n\n<p class=\"has-light-green-cyan-color has-text-color has-link-color wp-elements-60270884290cfffb279e7c253d60b914\"><em>Important : Ma pratique ne se substitue pas aux pratiques de la m\u00e9decine et la pharmacie conventionnelle. Je ne suis ni m\u00e9decin, ni pharmacien<\/em><\/p>\n\n\n\n<p><\/p>\n","protected":false},"excerpt":{"rendered":"<p>L&rsquo;abeille fabrique la propolis \u00e0 partir de substances r\u00e9sineuses, gommeuses des bourgeons, des\u00e9corces, des tiges et des feuilles de certains arbres.Elles l&rsquo;utilisent pour :\u2013 colmater les fissures et les trous dans la ruche\u2013 enduire les alv\u00e9oles et les rayons pour son effet antiseptique et bact\u00e9ricide\u2013 embaumer les cadavres de petits animaux qui seraient rentr\u00e9s dans &hellip; <\/p>\n<p class=\"link-more\"><a href=\"https:\/\/medecinechinoisevercors.com\/index.php\/la-propolis\/\" class=\"more-link\">Continuer la lecture<span class=\"screen-reader-text\"> de &laquo;&nbsp;La propolis&nbsp;&raquo;<\/span><\/a><\/p>\n","protected":false},"author":1,"featured_media":0,"parent":0,"menu_order":0,"comment_status":"closed","ping_status":"closed","template":"","meta":{"footnotes":""},"class_list":["post-825","page","type-page","status-publish","hentry"],"jetpack_sharing_enabled":true,"_links":{"self":[{"href":"https:\/\/medecinechinoisevercors.com\/index.php\/wp-json\/wp\/v2\/pages\/825","targetHints":{"allow":["GET"]}}],"collection":[{"href":"https:\/\/medecinechinoisevercors.com\/index.php\/wp-json\/wp\/v2\/pages"}],"about":[{"href":"https:\/\/medecinechinoisevercors.com\/index.php\/wp-json\/wp\/v2\/types\/page"}],"author":[{"embeddable":true,"href":"https:\/\/medecinechinoisevercors.com\/index.php\/wp-json\/wp\/v2\/users\/1"}],"replies":[{"embeddable":true,"href":"https:\/\/medecinechinoisevercors.com\/index.php\/wp-json\/wp\/v2\/comments?post=825"}],"version-history":[{"count":4,"href":"https:\/\/medecinechinoisevercors.com\/index.php\/wp-json\/wp\/v2\/pages\/825\/revisions"}],"predecessor-version":[{"id":1434,"href":"https:\/\/medecinechinoisevercors.com\/index.php\/wp-json\/wp\/v2\/pages\/825\/revisions\/1434"}],"wp:attachment":[{"href":"https:\/\/medecinechinoisevercors.com\/index.php\/wp-json\/wp\/v2\/media?parent=825"}],"curies":[{"name":"wp","href":"https:\/\/api.w.org\/{rel}","templated":true}]}}