{"id":1106,"date":"2025-11-16T18:12:33","date_gmt":"2025-11-16T17:12:33","guid":{"rendered":"https:\/\/medecinechinoisevercors.com\/?post_type=product&#038;p=1106"},"modified":"2026-02-03T11:43:33","modified_gmt":"2026-02-03T10:43:33","slug":"le-coeur-paisible","status":"publish","type":"product","link":"https:\/\/medecinechinoisevercors.com\/index.php\/produit\/le-coeur-paisible\/","title":{"rendered":"Le coeur paisible 100g"},"content":{"rendered":"<p>ingr\u00e9dients : sommit\u00e9s fleuries de tilleuls, fleurs d&rsquo;avoine, feuilles de m\u00e9lisse, fleurs de rose<\/p>\n<p>cure : 5 g de plante dans 1 litre d\u2019eau bouillante. Laisser infuser 10 min. Filtrer et boire dans la journ\u00e9e<\/p>\n<p>100g<\/p>\n","protected":false},"excerpt":{"rendered":"<p>ingr\u00e9dients : sommit\u00e9s fleuries de tilleuls, fleurs d&rsquo;avoine, feuilles de m\u00e9lisse, fleurs de rose cure : 5 g de plante dans 1 litre d\u2019eau bouillante. Laisser infuser 10 min. Filtrer et boire dans la journ\u00e9e 100g<\/p>\n","protected":false},"featured_media":1157,"template":"","meta":[],"product_brand":[],"product_cat":[36],"product_tag":[],"class_list":{"0":"post-1106","1":"product","2":"type-product","3":"status-publish","4":"has-post-thumbnail","6":"product_cat-tisanes-composees","8":"first","9":"instock","10":"shipping-taxable","11":"purchasable","12":"product-type-simple"},"jetpack_sharing_enabled":true,"_links":{"self":[{"href":"https:\/\/medecinechinoisevercors.com\/index.php\/wp-json\/wp\/v2\/product\/1106","targetHints":{"allow":["GET"]}}],"collection":[{"href":"https:\/\/medecinechinoisevercors.com\/index.php\/wp-json\/wp\/v2\/product"}],"about":[{"href":"https:\/\/medecinechinoisevercors.com\/index.php\/wp-json\/wp\/v2\/types\/product"}],"wp:featuredmedia":[{"embeddable":true,"href":"https:\/\/medecinechinoisevercors.com\/index.php\/wp-json\/wp\/v2\/media\/1157"}],"wp:attachment":[{"href":"https:\/\/medecinechinoisevercors.com\/index.php\/wp-json\/wp\/v2\/media?parent=1106"}],"wp:term":[{"taxonomy":"product_brand","embeddable":true,"href":"https:\/\/medecinechinoisevercors.com\/index.php\/wp-json\/wp\/v2\/product_brand?post=1106"},{"taxonomy":"product_cat","embeddable":true,"href":"https:\/\/medecinechinoisevercors.com\/index.php\/wp-json\/wp\/v2\/product_cat?post=1106"},{"taxonomy":"product_tag","embeddable":true,"href":"https:\/\/medecinechinoisevercors.com\/index.php\/wp-json\/wp\/v2\/product_tag?post=1106"}],"curies":[{"name":"wp","href":"https:\/\/api.w.org\/{rel}","templated":true}]}}