{"id":1110,"date":"2025-11-16T18:28:11","date_gmt":"2025-11-16T17:28:11","guid":{"rendered":"https:\/\/medecinechinoisevercors.com\/?post_type=product&#038;p=1110"},"modified":"2025-11-29T09:27:20","modified_gmt":"2025-11-29T08:27:20","slug":"la-propolis","status":"publish","type":"product","link":"https:\/\/medecinechinoisevercors.com\/index.php\/produit\/la-propolis\/","title":{"rendered":"La propolis"},"content":{"rendered":"<p>Propolis produite par mes abeilles \u00e0 Rencurel.<\/p>\n<p>ingr\u00e9dients : propolis pure et alcool \u00e0 90\u00b0<\/p>\n<p>flacon codigoutte de\u00a0<img fetchpriority=\"high\" decoding=\"async\" class=\"size-medium wp-image-1112 alignleft\" src=\"http:\/\/medecinechinoisevercors.com\/wp-content\/uploads\/2025\/11\/La-Propolis-212x300.png\" alt=\"\" width=\"212\" height=\"300\" srcset=\"https:\/\/medecinechinoisevercors.com\/wp-content\/uploads\/2025\/11\/La-Propolis-212x300.png 212w, https:\/\/medecinechinoisevercors.com\/wp-content\/uploads\/2025\/11\/La-Propolis-350x495.png 350w, https:\/\/medecinechinoisevercors.com\/wp-content\/uploads\/2025\/11\/La-Propolis-724x1024.png 724w, https:\/\/medecinechinoisevercors.com\/wp-content\/uploads\/2025\/11\/La-Propolis-768x1086.png 768w, https:\/\/medecinechinoisevercors.com\/wp-content\/uploads\/2025\/11\/La-Propolis-1086x1536.png 1086w, https:\/\/medecinechinoisevercors.com\/wp-content\/uploads\/2025\/11\/La-Propolis-1448x2048.png 1448w, https:\/\/medecinechinoisevercors.com\/wp-content\/uploads\/2025\/11\/La-Propolis-1320x1867.png 1320w, https:\/\/medecinechinoisevercors.com\/wp-content\/uploads\/2025\/11\/La-Propolis.png 1587w\" sizes=\"(max-width: 212px) 100vw, 212px\" \/>30ml<\/p>\n","protected":false},"excerpt":{"rendered":"<p>Propolis produite par mes abeilles \u00e0 Rencurel. ingr\u00e9dients : propolis pure et alcool \u00e0 90\u00b0 flacon codigoutte de\u00a030ml<\/p>\n","protected":false},"featured_media":1111,"template":"","meta":[],"product_brand":[],"product_cat":[29],"product_tag":[],"class_list":{"0":"post-1110","1":"product","2":"type-product","3":"status-publish","4":"has-post-thumbnail","6":"product_cat-produits-de-la-ruche","8":"first","9":"instock","10":"shipping-taxable","11":"purchasable","12":"product-type-simple"},"jetpack_sharing_enabled":true,"_links":{"self":[{"href":"https:\/\/medecinechinoisevercors.com\/index.php\/wp-json\/wp\/v2\/product\/1110","targetHints":{"allow":["GET"]}}],"collection":[{"href":"https:\/\/medecinechinoisevercors.com\/index.php\/wp-json\/wp\/v2\/product"}],"about":[{"href":"https:\/\/medecinechinoisevercors.com\/index.php\/wp-json\/wp\/v2\/types\/product"}],"wp:featuredmedia":[{"embeddable":true,"href":"https:\/\/medecinechinoisevercors.com\/index.php\/wp-json\/wp\/v2\/media\/1111"}],"wp:attachment":[{"href":"https:\/\/medecinechinoisevercors.com\/index.php\/wp-json\/wp\/v2\/media?parent=1110"}],"wp:term":[{"taxonomy":"product_brand","embeddable":true,"href":"https:\/\/medecinechinoisevercors.com\/index.php\/wp-json\/wp\/v2\/product_brand?post=1110"},{"taxonomy":"product_cat","embeddable":true,"href":"https:\/\/medecinechinoisevercors.com\/index.php\/wp-json\/wp\/v2\/product_cat?post=1110"},{"taxonomy":"product_tag","embeddable":true,"href":"https:\/\/medecinechinoisevercors.com\/index.php\/wp-json\/wp\/v2\/product_tag?post=1110"}],"curies":[{"name":"wp","href":"https:\/\/api.w.org\/{rel}","templated":true}]}}