{"id":1206,"date":"2025-11-22T16:09:29","date_gmt":"2025-11-22T15:09:29","guid":{"rendered":"https:\/\/medecinechinoisevercors.com\/?post_type=product&#038;p=1206"},"modified":"2025-11-29T09:19:12","modified_gmt":"2025-11-29T08:19:12","slug":"melisse","status":"publish","type":"product","link":"https:\/\/medecinechinoisevercors.com\/index.php\/produit\/melisse\/","title":{"rendered":"M\u00e9lisse"},"content":{"rendered":"<p><em>Melissa officinalis<\/em><\/p>\n<p>parties utilis\u00e9es :\u00a0 feuille<\/p>\n<p>sachet de 50g<\/p>\n","protected":false},"excerpt":{"rendered":"<p>La m\u00e9lisse contient des sucres, des tanins cat\u00e9chiques et une essence citronn\u00e9e, riche en terp\u00e9no\u00efdes et en alcools (g\u00e9raniol, linalol) et surtout en ald\u00e9hydes (citral, citronellal).<\/p>\n<p>Cette essence offre \u00e0 la plante ses <strong>bienfaits antispasmodiques, l\u00e9g\u00e8rement s\u00e9datives et carminatives<\/strong>. Elle agit efficacement sur les <strong>troubles gastriques et cardiaques<\/strong> d\u2019origine nerveuse.<\/p>\n<p>Les d\u00e9riv\u00e9s terp\u00e9niques des plantes poss\u00e8dent des <strong>propri\u00e9t\u00e9s bact\u00e9riostatiques<\/strong>, c\u2019est-\u00e0-dire qui limitent le d\u00e9veloppement des bact\u00e9ries.<\/p>\n<p>Les acides ph\u00e9nols (caf\u00e9ique, chlorog\u00e9nique, rosmarinique) lui offrent son <strong>action chol\u00e9r\u00e9tique<\/strong> (qui stimule la s\u00e9cr\u00e9tion de bile).<\/p>\n<p>L&rsquo;<strong>huile essentielle<\/strong> de m\u00e9lisse est reconnue pour ses propri\u00e9t\u00e9s <strong>digestives<\/strong>, <strong>antispasmodiques et relaxantes<\/strong>, elle est utilis\u00e9e en huile essentielle pour apaiser le stress, l&rsquo;agitation et l&rsquo;anxi\u00e9t\u00e9.<\/p>\n","protected":false},"featured_media":1207,"template":"","meta":[],"product_brand":[],"product_cat":[19],"product_tag":[],"class_list":{"0":"post-1206","1":"product","2":"type-product","3":"status-publish","4":"has-post-thumbnail","6":"product_cat-non-classe","8":"first","9":"instock","10":"shipping-taxable","11":"purchasable","12":"product-type-simple"},"jetpack_sharing_enabled":true,"_links":{"self":[{"href":"https:\/\/medecinechinoisevercors.com\/index.php\/wp-json\/wp\/v2\/product\/1206","targetHints":{"allow":["GET"]}}],"collection":[{"href":"https:\/\/medecinechinoisevercors.com\/index.php\/wp-json\/wp\/v2\/product"}],"about":[{"href":"https:\/\/medecinechinoisevercors.com\/index.php\/wp-json\/wp\/v2\/types\/product"}],"wp:featuredmedia":[{"embeddable":true,"href":"https:\/\/medecinechinoisevercors.com\/index.php\/wp-json\/wp\/v2\/media\/1207"}],"wp:attachment":[{"href":"https:\/\/medecinechinoisevercors.com\/index.php\/wp-json\/wp\/v2\/media?parent=1206"}],"wp:term":[{"taxonomy":"product_brand","embeddable":true,"href":"https:\/\/medecinechinoisevercors.com\/index.php\/wp-json\/wp\/v2\/product_brand?post=1206"},{"taxonomy":"product_cat","embeddable":true,"href":"https:\/\/medecinechinoisevercors.com\/index.php\/wp-json\/wp\/v2\/product_cat?post=1206"},{"taxonomy":"product_tag","embeddable":true,"href":"https:\/\/medecinechinoisevercors.com\/index.php\/wp-json\/wp\/v2\/product_tag?post=1206"}],"curies":[{"name":"wp","href":"https:\/\/api.w.org\/{rel}","templated":true}]}}