{"id":1212,"date":"2025-11-22T16:27:42","date_gmt":"2025-11-22T15:27:42","guid":{"rendered":"https:\/\/medecinechinoisevercors.com\/?post_type=product&#038;p=1212"},"modified":"2025-11-29T09:17:53","modified_gmt":"2025-11-29T08:17:53","slug":"ortie","status":"publish","type":"product","link":"https:\/\/medecinechinoisevercors.com\/index.php\/produit\/ortie\/","title":{"rendered":"Ortie"},"content":{"rendered":"<p>Urtica dioica<\/p>\n<p>parties utilis\u00e9es : feuilles<\/p>\n<p>sachet de 50g<\/p>\n","protected":false},"excerpt":{"rendered":"<p>L&rsquo;infusion\u00a0d&rsquo;ortie feuilles est reconnue pour ses <strong>propri\u00e9t\u00e9s diur\u00e9tiques<\/strong>, l&rsquo;ortie aide \u00e0 l&rsquo;<strong>\u00e9limination des toxines<\/strong> et favorise ainsi un corps purifi\u00e9. Cette infusion joue un r\u00f4le cl\u00e9 dans le maintien de la <strong>sant\u00e9 de la prostate<\/strong>, ce qui en fait un choix appr\u00e9ci\u00e9 pour le bien-\u00eatre masculin.<\/p>\n<p>Les feuilles d&rsquo;ortie sont particuli\u00e8rement efficaces pour soutenir la sant\u00e9 et la <strong>mobilit\u00e9 des articulations<\/strong>, offrant confort et flexibilit\u00e9.<\/p>\n","protected":false},"featured_media":1213,"template":"","meta":[],"product_brand":[],"product_cat":[19],"product_tag":[],"class_list":{"0":"post-1212","1":"product","2":"type-product","3":"status-publish","4":"has-post-thumbnail","6":"product_cat-non-classe","8":"first","9":"instock","10":"shipping-taxable","11":"purchasable","12":"product-type-simple"},"jetpack_sharing_enabled":true,"_links":{"self":[{"href":"https:\/\/medecinechinoisevercors.com\/index.php\/wp-json\/wp\/v2\/product\/1212","targetHints":{"allow":["GET"]}}],"collection":[{"href":"https:\/\/medecinechinoisevercors.com\/index.php\/wp-json\/wp\/v2\/product"}],"about":[{"href":"https:\/\/medecinechinoisevercors.com\/index.php\/wp-json\/wp\/v2\/types\/product"}],"wp:featuredmedia":[{"embeddable":true,"href":"https:\/\/medecinechinoisevercors.com\/index.php\/wp-json\/wp\/v2\/media\/1213"}],"wp:attachment":[{"href":"https:\/\/medecinechinoisevercors.com\/index.php\/wp-json\/wp\/v2\/media?parent=1212"}],"wp:term":[{"taxonomy":"product_brand","embeddable":true,"href":"https:\/\/medecinechinoisevercors.com\/index.php\/wp-json\/wp\/v2\/product_brand?post=1212"},{"taxonomy":"product_cat","embeddable":true,"href":"https:\/\/medecinechinoisevercors.com\/index.php\/wp-json\/wp\/v2\/product_cat?post=1212"},{"taxonomy":"product_tag","embeddable":true,"href":"https:\/\/medecinechinoisevercors.com\/index.php\/wp-json\/wp\/v2\/product_tag?post=1212"}],"curies":[{"name":"wp","href":"https:\/\/api.w.org\/{rel}","templated":true}]}}