{"id":1214,"date":"2025-11-22T16:30:48","date_gmt":"2025-11-22T15:30:48","guid":{"rendered":"https:\/\/medecinechinoisevercors.com\/?post_type=product&#038;p=1214"},"modified":"2025-11-29T09:17:33","modified_gmt":"2025-11-29T08:17:33","slug":"tilleuls","status":"publish","type":"product","link":"https:\/\/medecinechinoisevercors.com\/index.php\/produit\/tilleuls\/","title":{"rendered":"Tilleuls"},"content":{"rendered":"<p>Tilia spp<\/p>\n<p>parties utilis\u00e9es : sommit\u00e9s fleuries<\/p>\n<p>sachet de 50g<\/p>\n","protected":false},"excerpt":{"rendered":"<p>La tisane de tilleul est une boisson qui contribue \u00e0 soutenir le syst\u00e8me nerveux apportant une relaxation optimale et favorisant un sommeil sain et r\u00e9parateur. L&rsquo;infusion de bract\u00e9es stimule et facilite la digestion, favorise l&rsquo;\u00e9limination et aide \u00e0 maintenir les fonctions du syst\u00e8me urinaire normales.<\/p>\n","protected":false},"featured_media":1215,"template":"","meta":[],"product_brand":[],"product_cat":[19],"product_tag":[],"class_list":{"0":"post-1214","1":"product","2":"type-product","3":"status-publish","4":"has-post-thumbnail","6":"product_cat-non-classe","8":"first","9":"instock","10":"shipping-taxable","11":"purchasable","12":"product-type-simple"},"jetpack_sharing_enabled":true,"_links":{"self":[{"href":"https:\/\/medecinechinoisevercors.com\/index.php\/wp-json\/wp\/v2\/product\/1214","targetHints":{"allow":["GET"]}}],"collection":[{"href":"https:\/\/medecinechinoisevercors.com\/index.php\/wp-json\/wp\/v2\/product"}],"about":[{"href":"https:\/\/medecinechinoisevercors.com\/index.php\/wp-json\/wp\/v2\/types\/product"}],"wp:featuredmedia":[{"embeddable":true,"href":"https:\/\/medecinechinoisevercors.com\/index.php\/wp-json\/wp\/v2\/media\/1215"}],"wp:attachment":[{"href":"https:\/\/medecinechinoisevercors.com\/index.php\/wp-json\/wp\/v2\/media?parent=1214"}],"wp:term":[{"taxonomy":"product_brand","embeddable":true,"href":"https:\/\/medecinechinoisevercors.com\/index.php\/wp-json\/wp\/v2\/product_brand?post=1214"},{"taxonomy":"product_cat","embeddable":true,"href":"https:\/\/medecinechinoisevercors.com\/index.php\/wp-json\/wp\/v2\/product_cat?post=1214"},{"taxonomy":"product_tag","embeddable":true,"href":"https:\/\/medecinechinoisevercors.com\/index.php\/wp-json\/wp\/v2\/product_tag?post=1214"}],"curies":[{"name":"wp","href":"https:\/\/api.w.org\/{rel}","templated":true}]}}