{"id":1218,"date":"2025-11-22T16:40:49","date_gmt":"2025-11-22T15:40:49","guid":{"rendered":"https:\/\/medecinechinoisevercors.com\/?post_type=product&#038;p=1218"},"modified":"2025-11-29T09:15:57","modified_gmt":"2025-11-29T08:15:57","slug":"reine-des-pres","status":"publish","type":"product","link":"https:\/\/medecinechinoisevercors.com\/index.php\/produit\/reine-des-pres\/","title":{"rendered":"Reine des pr\u00e9s"},"content":{"rendered":"<p><em>Filipendula Ulmaria<\/em><\/p>\n<p>parties utilis\u00e9es : fleurs<\/p>\n<p>sachet de 50g<\/p>\n","protected":false},"excerpt":{"rendered":"<p>L&rsquo;infusion de reine des pr\u00e9s est traditionnellement utilis\u00e9e pour favoriser des reins en bonne sant\u00e9 et des articulations souples. Elle favorise l&rsquo;\u00e9limination des toxines,\u00a0contribuant\u00a0ainsi au bon fonctionnement r\u00e9nal et des fonctions du syst\u00e8me urinaire.<\/p>\n<p>Id\u00e9ale pour maintenir la sant\u00e9 et la mobilit\u00e9 des articulations, elle offre un soutien pr\u00e9cieux pour ceux qui souhaitent rester actifs.<\/p>\n<p>En plus de ses bienfaits sur les reins et les articulations,\u00a0elle contribue \u00e9galement au maintien d&rsquo;un taux de cholest\u00e9rol normal et \u00e0 la protection du syst\u00e8me cardiovasculaire.<\/p>\n","protected":false},"featured_media":1219,"template":"","meta":[],"product_brand":[],"product_cat":[19],"product_tag":[],"class_list":{"0":"post-1218","1":"product","2":"type-product","3":"status-publish","4":"has-post-thumbnail","6":"product_cat-non-classe","8":"first","9":"instock","10":"shipping-taxable","11":"purchasable","12":"product-type-simple"},"jetpack_sharing_enabled":true,"_links":{"self":[{"href":"https:\/\/medecinechinoisevercors.com\/index.php\/wp-json\/wp\/v2\/product\/1218","targetHints":{"allow":["GET"]}}],"collection":[{"href":"https:\/\/medecinechinoisevercors.com\/index.php\/wp-json\/wp\/v2\/product"}],"about":[{"href":"https:\/\/medecinechinoisevercors.com\/index.php\/wp-json\/wp\/v2\/types\/product"}],"wp:featuredmedia":[{"embeddable":true,"href":"https:\/\/medecinechinoisevercors.com\/index.php\/wp-json\/wp\/v2\/media\/1219"}],"wp:attachment":[{"href":"https:\/\/medecinechinoisevercors.com\/index.php\/wp-json\/wp\/v2\/media?parent=1218"}],"wp:term":[{"taxonomy":"product_brand","embeddable":true,"href":"https:\/\/medecinechinoisevercors.com\/index.php\/wp-json\/wp\/v2\/product_brand?post=1218"},{"taxonomy":"product_cat","embeddable":true,"href":"https:\/\/medecinechinoisevercors.com\/index.php\/wp-json\/wp\/v2\/product_cat?post=1218"},{"taxonomy":"product_tag","embeddable":true,"href":"https:\/\/medecinechinoisevercors.com\/index.php\/wp-json\/wp\/v2\/product_tag?post=1218"}],"curies":[{"name":"wp","href":"https:\/\/api.w.org\/{rel}","templated":true}]}}