{"id":1220,"date":"2025-11-22T16:43:38","date_gmt":"2025-11-22T15:43:38","guid":{"rendered":"https:\/\/medecinechinoisevercors.com\/?post_type=product&#038;p=1220"},"modified":"2025-11-29T09:14:50","modified_gmt":"2025-11-29T08:14:50","slug":"avoine","status":"publish","type":"product","link":"https:\/\/medecinechinoisevercors.com\/index.php\/produit\/avoine\/","title":{"rendered":"Avoine"},"content":{"rendered":"<p><em>Avena sativa<\/em><\/p>\n<p>parties utilis\u00e9es : fleurs<\/p>\n<p>sachet de 50g<\/p>\n","protected":false},"excerpt":{"rendered":"<p>Action s\u00e9dative en cas d&rsquo;anxi\u00e9t\u00e9 ou de stress. Contribue \u00e0 la vitalit\u00e9. Contribue \u00e0 r\u00e9duire la fatigue et l&rsquo;asth\u00e9nie. Contribue \u00e0 un m\u00e9tabolisme lipidique normal. Participe au maintien d&rsquo;un taux de cholest\u00e9rol normal. Participe \u00e0 l&rsquo;am\u00e9lioration des fonctions physiques et sportives. Contribue \u00e0 soutenir le syst\u00e8me nerveux. Contribue \u00e0 favoriser la vigilance. Action diur\u00e9tique, aide \u00e0 \u00e9liminer l&rsquo;acide urique et lutter contre la goutte.<\/p>\n","protected":false},"featured_media":1221,"template":"","meta":[],"product_brand":[],"product_cat":[19],"product_tag":[],"class_list":{"0":"post-1220","1":"product","2":"type-product","3":"status-publish","4":"has-post-thumbnail","6":"product_cat-non-classe","8":"first","9":"instock","10":"shipping-taxable","11":"purchasable","12":"product-type-simple"},"jetpack_sharing_enabled":true,"_links":{"self":[{"href":"https:\/\/medecinechinoisevercors.com\/index.php\/wp-json\/wp\/v2\/product\/1220","targetHints":{"allow":["GET"]}}],"collection":[{"href":"https:\/\/medecinechinoisevercors.com\/index.php\/wp-json\/wp\/v2\/product"}],"about":[{"href":"https:\/\/medecinechinoisevercors.com\/index.php\/wp-json\/wp\/v2\/types\/product"}],"wp:featuredmedia":[{"embeddable":true,"href":"https:\/\/medecinechinoisevercors.com\/index.php\/wp-json\/wp\/v2\/media\/1221"}],"wp:attachment":[{"href":"https:\/\/medecinechinoisevercors.com\/index.php\/wp-json\/wp\/v2\/media?parent=1220"}],"wp:term":[{"taxonomy":"product_brand","embeddable":true,"href":"https:\/\/medecinechinoisevercors.com\/index.php\/wp-json\/wp\/v2\/product_brand?post=1220"},{"taxonomy":"product_cat","embeddable":true,"href":"https:\/\/medecinechinoisevercors.com\/index.php\/wp-json\/wp\/v2\/product_cat?post=1220"},{"taxonomy":"product_tag","embeddable":true,"href":"https:\/\/medecinechinoisevercors.com\/index.php\/wp-json\/wp\/v2\/product_tag?post=1220"}],"curies":[{"name":"wp","href":"https:\/\/api.w.org\/{rel}","templated":true}]}}