{"id":1222,"date":"2025-11-22T16:46:52","date_gmt":"2025-11-22T15:46:52","guid":{"rendered":"https:\/\/medecinechinoisevercors.com\/?post_type=product&#038;p=1222"},"modified":"2025-11-29T09:14:27","modified_gmt":"2025-11-29T08:14:27","slug":"eleutherocoque","status":"publish","type":"product","link":"https:\/\/medecinechinoisevercors.com\/index.php\/produit\/eleutherocoque\/","title":{"rendered":"Eleutherocoque"},"content":{"rendered":"<p><em>Eleutherococcus senticosus<\/em><\/p>\n<p>\u00e9galement\u00a0 appel\u00e9 Ginseng de Sib\u00e9rie<\/p>\n<p>parties utilis\u00e9es : racines<\/p>\n<p>sachet de 50 g<\/p>\n","protected":false},"excerpt":{"rendered":"<p>Stimule les d\u00e9fenses immunitaires. Contribue \u00e0 la vitalit\u00e9. Apporte une humeur positive. Contribue au maintien d&rsquo;une glyc\u00e9mie normale. Participe \u00e0 l&rsquo;am\u00e9lioration des fonctions physiques. Pour une relaxation optimale. Contribue \u00e0 la r\u00e9duction et une meilleure gestion du stress.<\/p>\n","protected":false},"featured_media":1223,"template":"","meta":[],"product_brand":[],"product_cat":[19],"product_tag":[],"class_list":{"0":"post-1222","1":"product","2":"type-product","3":"status-publish","4":"has-post-thumbnail","6":"product_cat-non-classe","8":"first","9":"instock","10":"shipping-taxable","11":"purchasable","12":"product-type-simple"},"jetpack_sharing_enabled":true,"_links":{"self":[{"href":"https:\/\/medecinechinoisevercors.com\/index.php\/wp-json\/wp\/v2\/product\/1222","targetHints":{"allow":["GET"]}}],"collection":[{"href":"https:\/\/medecinechinoisevercors.com\/index.php\/wp-json\/wp\/v2\/product"}],"about":[{"href":"https:\/\/medecinechinoisevercors.com\/index.php\/wp-json\/wp\/v2\/types\/product"}],"wp:featuredmedia":[{"embeddable":true,"href":"https:\/\/medecinechinoisevercors.com\/index.php\/wp-json\/wp\/v2\/media\/1223"}],"wp:attachment":[{"href":"https:\/\/medecinechinoisevercors.com\/index.php\/wp-json\/wp\/v2\/media?parent=1222"}],"wp:term":[{"taxonomy":"product_brand","embeddable":true,"href":"https:\/\/medecinechinoisevercors.com\/index.php\/wp-json\/wp\/v2\/product_brand?post=1222"},{"taxonomy":"product_cat","embeddable":true,"href":"https:\/\/medecinechinoisevercors.com\/index.php\/wp-json\/wp\/v2\/product_cat?post=1222"},{"taxonomy":"product_tag","embeddable":true,"href":"https:\/\/medecinechinoisevercors.com\/index.php\/wp-json\/wp\/v2\/product_tag?post=1222"}],"curies":[{"name":"wp","href":"https:\/\/api.w.org\/{rel}","templated":true}]}}