{"id":1224,"date":"2025-11-22T16:50:08","date_gmt":"2025-11-22T15:50:08","guid":{"rendered":"https:\/\/medecinechinoisevercors.com\/?post_type=product&#038;p=1224"},"modified":"2025-11-29T09:14:08","modified_gmt":"2025-11-29T08:14:08","slug":"matricaire","status":"publish","type":"product","link":"https:\/\/medecinechinoisevercors.com\/index.php\/produit\/matricaire\/","title":{"rendered":"Matricaire"},"content":{"rendered":"<p><em>Chamomilla reticuta<\/em><\/p>\n<p>parties utilis\u00e9es : fleurs<\/p>\n<p>sachet de 50g<\/p>\n","protected":false},"excerpt":{"rendered":"<p>L&rsquo;infusion de camomille matricaire aide \u00e0 une relaxation optimale et \u00e0 un sommeil sain et r\u00e9parateur. Elle est apaisante et favorise \u00e9galement une digestion facile.<\/p>\n<p>Reconnue pour ses bienfaits, la camomille est id\u00e9ale pour se d\u00e9tendre apr\u00e8s une journ\u00e9e charg\u00e9e.<\/p>\n","protected":false},"featured_media":1225,"template":"","meta":[],"product_brand":[],"product_cat":[19],"product_tag":[],"class_list":{"0":"post-1224","1":"product","2":"type-product","3":"status-publish","4":"has-post-thumbnail","6":"product_cat-non-classe","8":"first","9":"instock","10":"shipping-taxable","11":"purchasable","12":"product-type-simple"},"jetpack_sharing_enabled":true,"_links":{"self":[{"href":"https:\/\/medecinechinoisevercors.com\/index.php\/wp-json\/wp\/v2\/product\/1224","targetHints":{"allow":["GET"]}}],"collection":[{"href":"https:\/\/medecinechinoisevercors.com\/index.php\/wp-json\/wp\/v2\/product"}],"about":[{"href":"https:\/\/medecinechinoisevercors.com\/index.php\/wp-json\/wp\/v2\/types\/product"}],"wp:featuredmedia":[{"embeddable":true,"href":"https:\/\/medecinechinoisevercors.com\/index.php\/wp-json\/wp\/v2\/media\/1225"}],"wp:attachment":[{"href":"https:\/\/medecinechinoisevercors.com\/index.php\/wp-json\/wp\/v2\/media?parent=1224"}],"wp:term":[{"taxonomy":"product_brand","embeddable":true,"href":"https:\/\/medecinechinoisevercors.com\/index.php\/wp-json\/wp\/v2\/product_brand?post=1224"},{"taxonomy":"product_cat","embeddable":true,"href":"https:\/\/medecinechinoisevercors.com\/index.php\/wp-json\/wp\/v2\/product_cat?post=1224"},{"taxonomy":"product_tag","embeddable":true,"href":"https:\/\/medecinechinoisevercors.com\/index.php\/wp-json\/wp\/v2\/product_tag?post=1224"}],"curies":[{"name":"wp","href":"https:\/\/api.w.org\/{rel}","templated":true}]}}