{"id":1226,"date":"2025-11-22T16:54:17","date_gmt":"2025-11-22T15:54:17","guid":{"rendered":"https:\/\/medecinechinoisevercors.com\/?post_type=product&#038;p=1226"},"modified":"2025-11-29T09:13:24","modified_gmt":"2025-11-29T08:13:24","slug":"aunee","status":"publish","type":"product","link":"https:\/\/medecinechinoisevercors.com\/index.php\/produit\/aunee\/","title":{"rendered":"Aun\u00e9e"},"content":{"rendered":"<p><em>Inula helenium<\/em><\/p>\n<p>parties utilis\u00e9es : racines<\/p>\n<p>sachet de 50 g<\/p>\n","protected":false},"excerpt":{"rendered":"<p>Stimule et facilite la digestion. Favorise l&rsquo;\u00e9limination des toxines. Contribue \u00e0 maintenir le foie en bonne sant\u00e9. Contribue \u00e0 l&rsquo;am\u00e9lioration des fonctions intestinales. Contribue au maintien d&rsquo;une sant\u00e9 respiratoire normale.<\/p>\n","protected":false},"featured_media":1227,"template":"","meta":[],"product_brand":[],"product_cat":[19],"product_tag":[],"class_list":{"0":"post-1226","1":"product","2":"type-product","3":"status-publish","4":"has-post-thumbnail","6":"product_cat-non-classe","8":"first","9":"instock","10":"shipping-taxable","11":"purchasable","12":"product-type-simple"},"jetpack_sharing_enabled":true,"_links":{"self":[{"href":"https:\/\/medecinechinoisevercors.com\/index.php\/wp-json\/wp\/v2\/product\/1226","targetHints":{"allow":["GET"]}}],"collection":[{"href":"https:\/\/medecinechinoisevercors.com\/index.php\/wp-json\/wp\/v2\/product"}],"about":[{"href":"https:\/\/medecinechinoisevercors.com\/index.php\/wp-json\/wp\/v2\/types\/product"}],"wp:featuredmedia":[{"embeddable":true,"href":"https:\/\/medecinechinoisevercors.com\/index.php\/wp-json\/wp\/v2\/media\/1227"}],"wp:attachment":[{"href":"https:\/\/medecinechinoisevercors.com\/index.php\/wp-json\/wp\/v2\/media?parent=1226"}],"wp:term":[{"taxonomy":"product_brand","embeddable":true,"href":"https:\/\/medecinechinoisevercors.com\/index.php\/wp-json\/wp\/v2\/product_brand?post=1226"},{"taxonomy":"product_cat","embeddable":true,"href":"https:\/\/medecinechinoisevercors.com\/index.php\/wp-json\/wp\/v2\/product_cat?post=1226"},{"taxonomy":"product_tag","embeddable":true,"href":"https:\/\/medecinechinoisevercors.com\/index.php\/wp-json\/wp\/v2\/product_tag?post=1226"}],"curies":[{"name":"wp","href":"https:\/\/api.w.org\/{rel}","templated":true}]}}