{"id":1229,"date":"2025-11-22T16:58:46","date_gmt":"2025-11-22T15:58:46","guid":{"rendered":"https:\/\/medecinechinoisevercors.com\/?post_type=product&#038;p=1229"},"modified":"2025-11-29T09:12:40","modified_gmt":"2025-11-29T08:12:40","slug":"frene","status":"publish","type":"product","link":"https:\/\/medecinechinoisevercors.com\/index.php\/produit\/frene\/","title":{"rendered":"Fr\u00eane"},"content":{"rendered":"<p><em>Fraxinus excelsior<\/em><\/p>\n<p>parties utilis\u00e9es : feuilles<\/p>\n<p>sachet de 50g<\/p>\n","protected":false},"excerpt":{"rendered":"<p>Contribue au maintien d&rsquo;une sant\u00e9 r\u00e9nale normale. Contribue \u00e0 maintenir les fonctions du syst\u00e8me urinaire normales.<\/p>\n","protected":false},"featured_media":1230,"template":"","meta":[],"product_brand":[],"product_cat":[19],"product_tag":[],"class_list":{"0":"post-1229","1":"product","2":"type-product","3":"status-publish","4":"has-post-thumbnail","6":"product_cat-non-classe","8":"first","9":"instock","10":"shipping-taxable","11":"purchasable","12":"product-type-simple"},"jetpack_sharing_enabled":true,"_links":{"self":[{"href":"https:\/\/medecinechinoisevercors.com\/index.php\/wp-json\/wp\/v2\/product\/1229","targetHints":{"allow":["GET"]}}],"collection":[{"href":"https:\/\/medecinechinoisevercors.com\/index.php\/wp-json\/wp\/v2\/product"}],"about":[{"href":"https:\/\/medecinechinoisevercors.com\/index.php\/wp-json\/wp\/v2\/types\/product"}],"wp:featuredmedia":[{"embeddable":true,"href":"https:\/\/medecinechinoisevercors.com\/index.php\/wp-json\/wp\/v2\/media\/1230"}],"wp:attachment":[{"href":"https:\/\/medecinechinoisevercors.com\/index.php\/wp-json\/wp\/v2\/media?parent=1229"}],"wp:term":[{"taxonomy":"product_brand","embeddable":true,"href":"https:\/\/medecinechinoisevercors.com\/index.php\/wp-json\/wp\/v2\/product_brand?post=1229"},{"taxonomy":"product_cat","embeddable":true,"href":"https:\/\/medecinechinoisevercors.com\/index.php\/wp-json\/wp\/v2\/product_cat?post=1229"},{"taxonomy":"product_tag","embeddable":true,"href":"https:\/\/medecinechinoisevercors.com\/index.php\/wp-json\/wp\/v2\/product_tag?post=1229"}],"curies":[{"name":"wp","href":"https:\/\/api.w.org\/{rel}","templated":true}]}}