{"id":1231,"date":"2025-11-22T17:02:17","date_gmt":"2025-11-22T16:02:17","guid":{"rendered":"https:\/\/medecinechinoisevercors.com\/?post_type=product&#038;p=1231"},"modified":"2025-11-29T09:11:51","modified_gmt":"2025-11-29T08:11:51","slug":"cassis","status":"publish","type":"product","link":"https:\/\/medecinechinoisevercors.com\/index.php\/produit\/cassis\/","title":{"rendered":"Cassis"},"content":{"rendered":"<p><em>Ribes nigrum<\/em><\/p>\n<p>parties utilis\u00e9es : feuilles<\/p>\n<p>sachet de 50g<\/p>\n","protected":false},"excerpt":{"rendered":"<p>Contribue \u00e0 soutenir la circulation sanguine. Participe \u00e0 la gestion d&rsquo;un poids id\u00e9al. Favorise l&rsquo;\u00e9limination. Favorise l&rsquo;\u00e9limination des toxines. Contribue \u00e0 la sant\u00e9 et la mobilit\u00e9 des articulations. Contribue \u00e0 la sant\u00e9 des articulations et des muscles.<\/p>\n","protected":false},"featured_media":1232,"template":"","meta":[],"product_brand":[],"product_cat":[19],"product_tag":[],"class_list":{"0":"post-1231","1":"product","2":"type-product","3":"status-publish","4":"has-post-thumbnail","6":"product_cat-non-classe","8":"first","9":"instock","10":"shipping-taxable","11":"purchasable","12":"product-type-simple"},"jetpack_sharing_enabled":true,"_links":{"self":[{"href":"https:\/\/medecinechinoisevercors.com\/index.php\/wp-json\/wp\/v2\/product\/1231","targetHints":{"allow":["GET"]}}],"collection":[{"href":"https:\/\/medecinechinoisevercors.com\/index.php\/wp-json\/wp\/v2\/product"}],"about":[{"href":"https:\/\/medecinechinoisevercors.com\/index.php\/wp-json\/wp\/v2\/types\/product"}],"wp:featuredmedia":[{"embeddable":true,"href":"https:\/\/medecinechinoisevercors.com\/index.php\/wp-json\/wp\/v2\/media\/1232"}],"wp:attachment":[{"href":"https:\/\/medecinechinoisevercors.com\/index.php\/wp-json\/wp\/v2\/media?parent=1231"}],"wp:term":[{"taxonomy":"product_brand","embeddable":true,"href":"https:\/\/medecinechinoisevercors.com\/index.php\/wp-json\/wp\/v2\/product_brand?post=1231"},{"taxonomy":"product_cat","embeddable":true,"href":"https:\/\/medecinechinoisevercors.com\/index.php\/wp-json\/wp\/v2\/product_cat?post=1231"},{"taxonomy":"product_tag","embeddable":true,"href":"https:\/\/medecinechinoisevercors.com\/index.php\/wp-json\/wp\/v2\/product_tag?post=1231"}],"curies":[{"name":"wp","href":"https:\/\/api.w.org\/{rel}","templated":true}]}}