{"id":1233,"date":"2025-11-22T17:07:30","date_gmt":"2025-11-22T16:07:30","guid":{"rendered":"https:\/\/medecinechinoisevercors.com\/?post_type=product&#038;p=1233"},"modified":"2025-11-29T09:11:14","modified_gmt":"2025-11-29T08:11:14","slug":"vigne-rouge","status":"publish","type":"product","link":"https:\/\/medecinechinoisevercors.com\/index.php\/produit\/vigne-rouge\/","title":{"rendered":"Vigne rouge"},"content":{"rendered":"<p><em>Vitis vinifera<\/em><\/p>\n<p>parties utilis\u00e9es : feuilles<\/p>\n<p>sachet de 50 g<\/p>\n<p>&nbsp;<\/p>\n","protected":false},"excerpt":{"rendered":"<p>L&rsquo;infusion de vigne rouge soutient la circulation sanguine et favorise la sant\u00e9 cardiovasculaire.<\/p>\n<p>Elle aide \u00e0 maintenir une pression art\u00e9rielle saine et est traditionnellement utilis\u00e9e pour r\u00e9duire les sensations de jambes lourdes et fatigu\u00e9es.<\/p>\n<p>En plus, elle est reconnue pour son effet b\u00e9n\u00e9fique sur les veines et autres vaisseaux sanguins, tout en aidant \u00e0 la minceur et \u00e0 la r\u00e9duction de la cellulite,<\/p>\n","protected":false},"featured_media":1234,"template":"","meta":[],"product_brand":[],"product_cat":[19],"product_tag":[],"class_list":{"0":"post-1233","1":"product","2":"type-product","3":"status-publish","4":"has-post-thumbnail","6":"product_cat-non-classe","8":"first","9":"instock","10":"shipping-taxable","11":"purchasable","12":"product-type-simple"},"jetpack_sharing_enabled":true,"_links":{"self":[{"href":"https:\/\/medecinechinoisevercors.com\/index.php\/wp-json\/wp\/v2\/product\/1233","targetHints":{"allow":["GET"]}}],"collection":[{"href":"https:\/\/medecinechinoisevercors.com\/index.php\/wp-json\/wp\/v2\/product"}],"about":[{"href":"https:\/\/medecinechinoisevercors.com\/index.php\/wp-json\/wp\/v2\/types\/product"}],"wp:featuredmedia":[{"embeddable":true,"href":"https:\/\/medecinechinoisevercors.com\/index.php\/wp-json\/wp\/v2\/media\/1234"}],"wp:attachment":[{"href":"https:\/\/medecinechinoisevercors.com\/index.php\/wp-json\/wp\/v2\/media?parent=1233"}],"wp:term":[{"taxonomy":"product_brand","embeddable":true,"href":"https:\/\/medecinechinoisevercors.com\/index.php\/wp-json\/wp\/v2\/product_brand?post=1233"},{"taxonomy":"product_cat","embeddable":true,"href":"https:\/\/medecinechinoisevercors.com\/index.php\/wp-json\/wp\/v2\/product_cat?post=1233"},{"taxonomy":"product_tag","embeddable":true,"href":"https:\/\/medecinechinoisevercors.com\/index.php\/wp-json\/wp\/v2\/product_tag?post=1233"}],"curies":[{"name":"wp","href":"https:\/\/api.w.org\/{rel}","templated":true}]}}