{"id":1237,"date":"2025-11-22T17:21:03","date_gmt":"2025-11-22T16:21:03","guid":{"rendered":"https:\/\/medecinechinoisevercors.com\/?post_type=product&#038;p=1237"},"modified":"2025-11-29T09:09:42","modified_gmt":"2025-11-29T08:09:42","slug":"menthe","status":"publish","type":"product","link":"https:\/\/medecinechinoisevercors.com\/index.php\/produit\/menthe\/","title":{"rendered":"Menthe"},"content":{"rendered":"<p><em>Mentha spp<\/em><\/p>\n<p>parties utilis\u00e9es : feuilles<\/p>\n<p>sachet de 50g<\/p>\n","protected":false},"excerpt":{"rendered":"<p>V\u00e9ritable concentr\u00e9 de fra\u00eecheur, la tisane de menthe favorise une digestion l\u00e9g\u00e8re et harmonieuse. Riche en menthol, elle apaise les ballonnements et soutient le confort intestinal.<\/p>\n","protected":false},"featured_media":1238,"template":"","meta":[],"product_brand":[],"product_cat":[19],"product_tag":[],"class_list":{"0":"post-1237","1":"product","2":"type-product","3":"status-publish","4":"has-post-thumbnail","6":"product_cat-non-classe","8":"first","9":"instock","10":"shipping-taxable","11":"purchasable","12":"product-type-simple"},"jetpack_sharing_enabled":true,"_links":{"self":[{"href":"https:\/\/medecinechinoisevercors.com\/index.php\/wp-json\/wp\/v2\/product\/1237","targetHints":{"allow":["GET"]}}],"collection":[{"href":"https:\/\/medecinechinoisevercors.com\/index.php\/wp-json\/wp\/v2\/product"}],"about":[{"href":"https:\/\/medecinechinoisevercors.com\/index.php\/wp-json\/wp\/v2\/types\/product"}],"wp:featuredmedia":[{"embeddable":true,"href":"https:\/\/medecinechinoisevercors.com\/index.php\/wp-json\/wp\/v2\/media\/1238"}],"wp:attachment":[{"href":"https:\/\/medecinechinoisevercors.com\/index.php\/wp-json\/wp\/v2\/media?parent=1237"}],"wp:term":[{"taxonomy":"product_brand","embeddable":true,"href":"https:\/\/medecinechinoisevercors.com\/index.php\/wp-json\/wp\/v2\/product_brand?post=1237"},{"taxonomy":"product_cat","embeddable":true,"href":"https:\/\/medecinechinoisevercors.com\/index.php\/wp-json\/wp\/v2\/product_cat?post=1237"},{"taxonomy":"product_tag","embeddable":true,"href":"https:\/\/medecinechinoisevercors.com\/index.php\/wp-json\/wp\/v2\/product_tag?post=1237"}],"curies":[{"name":"wp","href":"https:\/\/api.w.org\/{rel}","templated":true}]}}