{"id":1239,"date":"2025-11-22T17:27:55","date_gmt":"2025-11-22T16:27:55","guid":{"rendered":"https:\/\/medecinechinoisevercors.com\/?post_type=product&#038;p=1239"},"modified":"2025-11-29T09:09:08","modified_gmt":"2025-11-29T08:09:08","slug":"romarin","status":"publish","type":"product","link":"https:\/\/medecinechinoisevercors.com\/index.php\/produit\/romarin\/","title":{"rendered":"Romarin"},"content":{"rendered":"<table>\n<tbody>\n<tr>\n<td><\/td>\n<td><em>Rosmarinus officinalis<\/em><\/td>\n<\/tr>\n<\/tbody>\n<\/table>\n<p>parties utilis\u00e9es : feuilles<\/p>\n<p>sachet de 50g<\/p>\n","protected":false},"excerpt":{"rendered":"<p>L&rsquo;infusion de romarin soutient la digestion et contribue \u00e0 maintenir le foie en bonne sant\u00e9.<\/p>\n<p>Traditionnellement utilis\u00e9e pour stimuler la digestion et am\u00e9liorer la d\u00e9gradation des graisses, cette tisane aide \u00e9galement \u00e0 maintenir les fonctions drainage et contribue \u00e0 l&rsquo;\u00e9limination par les reins et les voies urinaires.<\/p>\n<p>Elle fortifie \u00e9galement les d\u00e9fenses naturelles du corps.<\/p>\n","protected":false},"featured_media":1240,"template":"","meta":[],"product_brand":[],"product_cat":[19],"product_tag":[],"class_list":{"0":"post-1239","1":"product","2":"type-product","3":"status-publish","4":"has-post-thumbnail","6":"product_cat-non-classe","8":"first","9":"instock","10":"shipping-taxable","11":"purchasable","12":"product-type-simple"},"jetpack_sharing_enabled":true,"_links":{"self":[{"href":"https:\/\/medecinechinoisevercors.com\/index.php\/wp-json\/wp\/v2\/product\/1239","targetHints":{"allow":["GET"]}}],"collection":[{"href":"https:\/\/medecinechinoisevercors.com\/index.php\/wp-json\/wp\/v2\/product"}],"about":[{"href":"https:\/\/medecinechinoisevercors.com\/index.php\/wp-json\/wp\/v2\/types\/product"}],"wp:featuredmedia":[{"embeddable":true,"href":"https:\/\/medecinechinoisevercors.com\/index.php\/wp-json\/wp\/v2\/media\/1240"}],"wp:attachment":[{"href":"https:\/\/medecinechinoisevercors.com\/index.php\/wp-json\/wp\/v2\/media?parent=1239"}],"wp:term":[{"taxonomy":"product_brand","embeddable":true,"href":"https:\/\/medecinechinoisevercors.com\/index.php\/wp-json\/wp\/v2\/product_brand?post=1239"},{"taxonomy":"product_cat","embeddable":true,"href":"https:\/\/medecinechinoisevercors.com\/index.php\/wp-json\/wp\/v2\/product_cat?post=1239"},{"taxonomy":"product_tag","embeddable":true,"href":"https:\/\/medecinechinoisevercors.com\/index.php\/wp-json\/wp\/v2\/product_tag?post=1239"}],"curies":[{"name":"wp","href":"https:\/\/api.w.org\/{rel}","templated":true}]}}