{"id":1497,"date":"2026-02-03T11:24:46","date_gmt":"2026-02-03T10:24:46","guid":{"rendered":"https:\/\/medecinechinoisevercors.com\/?post_type=product&#038;p=1497"},"modified":"2026-02-03T11:25:21","modified_gmt":"2026-02-03T10:25:21","slug":"les-articulations-souples-30g","status":"publish","type":"product","link":"https:\/\/medecinechinoisevercors.com\/index.php\/produit\/les-articulations-souples-30g\/","title":{"rendered":"Les articulations souples 30g"},"content":{"rendered":"<p>ingr\u00e9dients : fleurs de reine des pr\u00e9s, feuilles d&rsquo;ortie, feuilles de romarin, feuilles de fr\u00eane<\/p>\n<p>cure : 5 g de plante dans 1 litre d\u2019eau bouillante. Laisser infuser 10 min. Filtrer et boire dans la journ\u00e9e<\/p>\n<p>30g<\/p>\n","protected":false},"excerpt":{"rendered":"<p>ingr\u00e9dients : fleurs de reine des pr\u00e9s, feuilles d&rsquo;ortie, feuilles de romarin, feuilles de fr\u00eane cure : 5 g de plante dans 1 litre d\u2019eau bouillante. Laisser infuser 10 min. Filtrer et boire dans la journ\u00e9e 30g<\/p>\n","protected":false},"featured_media":0,"template":"","meta":[],"product_brand":[],"product_cat":[36],"product_tag":[],"class_list":{"0":"post-1497","1":"product","2":"type-product","3":"status-publish","5":"product_cat-tisanes-composees","7":"first","8":"outofstock","9":"shipping-taxable","10":"purchasable","11":"product-type-simple"},"jetpack_sharing_enabled":true,"_links":{"self":[{"href":"https:\/\/medecinechinoisevercors.com\/index.php\/wp-json\/wp\/v2\/product\/1497","targetHints":{"allow":["GET"]}}],"collection":[{"href":"https:\/\/medecinechinoisevercors.com\/index.php\/wp-json\/wp\/v2\/product"}],"about":[{"href":"https:\/\/medecinechinoisevercors.com\/index.php\/wp-json\/wp\/v2\/types\/product"}],"wp:attachment":[{"href":"https:\/\/medecinechinoisevercors.com\/index.php\/wp-json\/wp\/v2\/media?parent=1497"}],"wp:term":[{"taxonomy":"product_brand","embeddable":true,"href":"https:\/\/medecinechinoisevercors.com\/index.php\/wp-json\/wp\/v2\/product_brand?post=1497"},{"taxonomy":"product_cat","embeddable":true,"href":"https:\/\/medecinechinoisevercors.com\/index.php\/wp-json\/wp\/v2\/product_cat?post=1497"},{"taxonomy":"product_tag","embeddable":true,"href":"https:\/\/medecinechinoisevercors.com\/index.php\/wp-json\/wp\/v2\/product_tag?post=1497"}],"curies":[{"name":"wp","href":"https:\/\/api.w.org\/{rel}","templated":true}]}}