{"id":1499,"date":"2026-02-03T11:28:42","date_gmt":"2026-02-03T10:28:42","guid":{"rendered":"https:\/\/medecinechinoisevercors.com\/?post_type=product&#038;p=1499"},"modified":"2026-02-03T11:29:23","modified_gmt":"2026-02-03T10:29:23","slug":"la-femme-liberee-30g","status":"publish","type":"product","link":"https:\/\/medecinechinoisevercors.com\/index.php\/produit\/la-femme-liberee-30g\/","title":{"rendered":"La femme lib\u00e9r\u00e9e 30g"},"content":{"rendered":"<p>ingr\u00e9dients : feuilles de framboisier, fleurs d&rsquo;achill\u00e9e millefeuille, sommit\u00e9s fleuries d&rsquo;alch\u00e9mille, feuilles d&rsquo;ortie et fleurs de rose<\/p>\n<p>cure : 5 g de plante dans 1 litre d\u2019eau bouillante. Laisser infuser 10 min. Filtrer et boire dans la journ\u00e9e<\/p>\n<p>30g<\/p>\n","protected":false},"excerpt":{"rendered":"<p>ingr\u00e9dients : feuilles de framboisier, fleurs d&rsquo;achill\u00e9e millefeuille, sommit\u00e9s fleuries d&rsquo;alch\u00e9mille, feuilles d&rsquo;ortie et fleurs de rose cure : 5 g de plante dans 1 litre d\u2019eau bouillante. Laisser infuser 10 min. Filtrer et boire dans la journ\u00e9e 30g<\/p>\n","protected":false},"featured_media":1164,"template":"","meta":[],"product_brand":[],"product_cat":[36],"product_tag":[],"class_list":{"0":"post-1499","1":"product","2":"type-product","3":"status-publish","4":"has-post-thumbnail","6":"product_cat-tisanes-composees","8":"first","9":"instock","10":"shipping-taxable","11":"purchasable","12":"product-type-simple"},"jetpack_sharing_enabled":true,"_links":{"self":[{"href":"https:\/\/medecinechinoisevercors.com\/index.php\/wp-json\/wp\/v2\/product\/1499","targetHints":{"allow":["GET"]}}],"collection":[{"href":"https:\/\/medecinechinoisevercors.com\/index.php\/wp-json\/wp\/v2\/product"}],"about":[{"href":"https:\/\/medecinechinoisevercors.com\/index.php\/wp-json\/wp\/v2\/types\/product"}],"wp:featuredmedia":[{"embeddable":true,"href":"https:\/\/medecinechinoisevercors.com\/index.php\/wp-json\/wp\/v2\/media\/1164"}],"wp:attachment":[{"href":"https:\/\/medecinechinoisevercors.com\/index.php\/wp-json\/wp\/v2\/media?parent=1499"}],"wp:term":[{"taxonomy":"product_brand","embeddable":true,"href":"https:\/\/medecinechinoisevercors.com\/index.php\/wp-json\/wp\/v2\/product_brand?post=1499"},{"taxonomy":"product_cat","embeddable":true,"href":"https:\/\/medecinechinoisevercors.com\/index.php\/wp-json\/wp\/v2\/product_cat?post=1499"},{"taxonomy":"product_tag","embeddable":true,"href":"https:\/\/medecinechinoisevercors.com\/index.php\/wp-json\/wp\/v2\/product_tag?post=1499"}],"curies":[{"name":"wp","href":"https:\/\/api.w.org\/{rel}","templated":true}]}}